{"id":14960,"date":"2024-12-10T12:38:16","date_gmt":"2024-12-10T11:38:16","guid":{"rendered":"https:\/\/www.gocaravancanarias.com\/?page_id=14960"},"modified":"2025-01-02T17:24:20","modified_gmt":"2025-01-02T16:24:20","slug":"camper-mieten-auf-teneriffa","status":"publish","type":"page","link":"https:\/\/www.gocaravancanarias.com\/de\/camper-mieten-auf-teneriffa\/","title":{"rendered":"Camper mieten auf Teneriffa"},"content":{"rendered":"<p><span style=\"font-weight: 400;\">Woran denken Sie, wenn Sie an Reisen denken? Endlose Stra\u00dfen, magische D\u00f6rfer, St\u00e4dte, die sich mit voller Geschwindigkeit bewegen, Denkm\u00e4ler, Br\u00fccken, unbeschreibliche Landschaften, W\u00e4lder&#8230; K\u00f6nnen Sie sich vorstellen, all dies in einem Haus auf R\u00e4dern zu entdecken? Willkommen bei <\/span><a href=\"https:\/\/www.gocaravancanarias.com\/de\/\"><b>Go Caravan Canarias<\/b><\/a><span style=\"font-weight: 400;\">. Wir sind ein Unternehmen, das sich auf die Vermietung von Wohnmobilen auf Teneriffa spezialisiert hat und Ihnen den besten Service in diesem Bereich bietet. Wenn es etwas gibt, das wir lieben, dann ist es, in einem Haus auf R\u00e4dern zu reisen und hunderte von Abenteuern zu erleben. Dies ist einer der Gr\u00fcnde, warum wir die beste Option sind, um ein Wohnmobil auf Teneriffa zu mieten.<\/span><\/p>\n<p><span style=\"font-weight: 400;\">\u00a0<\/span><span style=\"font-weight: 400;\">Wir bieten Ihnen qualitativ hochwertige Dienstleistungen und einen gro\u00dfen Bestand an Wohnmobilen mit Platz f\u00fcr bis zu 4 Personen und einer Innenausstattung, in die Sie sich verlieben werden. Der Komfort und die Sicherheit unserer Kunden ist unsere Priorit\u00e4t. Aus diesem Grund \u00fcberpr\u00fcfen wir unsere Fahrzeuge und stellen sie so ein, dass Sie ein komfortables und sicheres Erlebnis genie\u00dfen k\u00f6nnen. Dar\u00fcber hinaus bieten wir Ihnen gerne die beste pers\u00f6nliche Betreuung und helfen Ihnen bei allem, was Sie brauchen.<\/span><\/p>\n<p><span style=\"font-weight: 400;\">M\u00f6chten Sie sich auf das Abenteuer einlassen, die Kanarischen Inseln zu entdecken? Dann setzen Sie sich mit uns in Verbindung (<\/span><a href=\"tel:+34 643 774 138\"><span style=\"font-weight: 400;\">+34 643 774 138<\/span><\/a><span style=\"font-weight: 400;\"> oder <\/span><a href=\"mailto:gestion@gocaravancanarias.com\"><span style=\"font-weight: 400;\">gestion@gocaravancanarias.com<\/span><\/a><span style=\"font-weight: 400;\">) und werfen Sie einen Blick auf unsere Wohnmobile. Wir helfen Ihnen gerne kompromisslos und garantieren Ihnen die beste fachliche Betreuung.<\/span><\/p>\n<p>&nbsp;<\/p>\n<p><img loading=\"lazy\" decoding=\"async\" class=\"alignnone wp-image-14961 \" src=\"https:\/\/www.gocaravancanarias.com\/wp-content\/uploads\/2024\/12\/WhatsApp-Image-2024-12-09-at-17.13.57-3-1024x766.jpeg\" alt=\"Camper mieten auf Teneriffa\" width=\"568\" height=\"425\" \/><\/p>\n<p>&nbsp;<\/p>\n<h2><span style=\"font-weight: 400;\">Der beste Camperverleih auf Teneriffa<\/span><\/h2>\n<p>&nbsp;<\/p>\n<h3><span style=\"font-weight: 400;\">Pr\u00fcfen Sie unseren Katalog der Camper zu mieten in Teneriffa<\/span><\/h3>\n<p><span style=\"font-weight: 400;\">Kennen Sie noch nicht unseren umfangreichen Katalog von Wohnmobilen zur Miete auf Teneriffa? Wir haben alle Gr\u00f6\u00dfen und Ausf\u00fchrungen. Besuchen Sie einfach unsere offizielle Website, w\u00e4hlen Sie die Daten aus, an denen Sie Ihre Reise organisieren m\u00f6chten, und sehen Sie sich die von uns angebotenen Wohnmobile an. Alle sind so konzipiert, dass sie ein Maximum an Platz und Komfort bieten. Unsere Wohnmobile bieten Platz f\u00fcr maximal 4 Personen und sind mit K\u00fcche, Bad, Dusche, Betten und einem kleinen Wohnzimmer ausgestattet.<\/span><\/p>\n<h3><\/h3>\n<h3><span style=\"font-weight: 400;\">Mieten Sie ein Campervan auf Teneriffa zu den besten Konditionen<\/span><\/h3>\n<p><span style=\"font-weight: 400;\">Unser Wohnmobilverleih auf Teneriffa garantiert Ihnen die besten Konditionen auf dem Markt. Unsere Tarife sind flexibel und wenn Sie aus irgendeinem Grund Ihre Reise nicht antreten k\u00f6nnen, erstatten wir Ihnen 100% des gezahlten Betrags, wenn Sie die Reservierung 30 Tage im Voraus stornieren. Dar\u00fcber hinaus ist eine Vollkaskoversicherung im Endpreis des Fahrzeugs enthalten. Denken Sie daran, dass Sie \u00fcber 25 Jahre alt sein m\u00fcssen und Ihren F\u00fchrerschein seit mehr als 2 Jahren besitzen m\u00fcssen, um bei uns ein Wohnmobil zu mieten.<\/span><\/p>\n<p>&nbsp;<\/p>\n<h2><span style=\"font-weight: 400;\">Mieten Sie einen Campervan am Flughafen von Teneriffa<\/span><\/h2>\n<p><span style=\"font-weight: 400;\">Sie reisen aus dem Ausland an? Dann werden Sie diesen besonderen Service lieben. Wir von Go Caravan Canarias m\u00f6chten, dass sich unsere Kunden von Beginn ihres Abenteuers an so wohl wie m\u00f6glich f\u00fchlen. Aus diesem Grund bieten wir einen Abholservice vom Flughafen an. Auf diese Weise k\u00f6nnen Sie nach der Landung in Ihr Wohnmobil steigen und Ihre Reise beginnen, ohne zu unseren Einrichtungen fahren zu m\u00fcssen.<\/span><\/p>\n<p>&nbsp;<\/p>\n<h2><span style=\"font-weight: 400;\">Mieten Sie Campervans auf Teneriffa zum besten Preis mit Go Caravan Canarias<\/span><\/h2>\n<p><span style=\"font-weight: 400;\">Ihr n\u00e4chstes Abenteuer wartet schon auf Sie! Mieten Sie einen Campervan zum besten Preis bei Go Caravan Canarias und genie\u00dfen Sie eine Reihe von Vorteilen. Wir garantieren Ihnen die besten Preise in der Branche und ein Budget, das zu Ihrem Geldbeutel passt. Setzen Sie sich mit uns in Verbindung und wir freuen uns darauf, Sie kennenzulernen!<\/span><\/p>\n<p><iframe src=\"https:\/\/www.google.com\/maps\/embed?pb=!1m18!1m12!1m3!1d449686.4997500615!2d-16.85231446389737!3d28.292998898286008!2m3!1f0!2f0!3f0!3m2!1i1024!2i768!4f13.1!3m3!1m2!1s0xc4029effe8682ed%3A0xb01a4bf1c84baf3c!2sTenerife!5e0!3m2!1ses!2ses!4v1735821468541!5m2!1ses!2ses\" width=\u201c100%\u201d height=\"450\" style=\"border:0;\" allowfullscreen=\"\" loading=\"lazy\" referrerpolicy=\"no-referrer-when-downgrade\"><\/iframe><\/p>\n","protected":false},"excerpt":{"rendered":"<p>Woran denken Sie, wenn Sie an Reisen denken? Endlose Stra\u00dfen, magische D\u00f6rfer, St\u00e4dte, die sich mit voller Geschwindigkeit bewegen, Denkm\u00e4ler, Br\u00fccken, unbeschreibliche Landschaften, W\u00e4lder&#8230; K\u00f6nnen Sie sich vorstellen, all dies in einem Haus auf R\u00e4dern zu entdecken? Willkommen bei Go Caravan Canarias. Wir sind ein Unternehmen, das sich auf die Vermietung von Wohnmobilen auf Teneriffa [&hellip;]<\/p>\n","protected":false},"author":7,"featured_media":0,"parent":0,"menu_order":0,"comment_status":"closed","ping_status":"closed","template":"","meta":{"_et_pb_use_builder":"","_et_pb_old_content":"","_et_gb_content_width":"","_joinchat":[],"footnotes":""},"class_list":["post-14960","page","type-page","status-publish","hentry"],"yoast_head":"<!-- This site is optimized with the Yoast SEO plugin v27.4 - https:\/\/yoast.com\/product\/yoast-seo-wordpress\/ -->\n<title>Camper mieten auf Teneriffa - Go Caravan Canarias<\/title>\n<meta name=\"description\" content=\"Camper mieten auf Teneriffa \u2713 Die beste Campervan-Vermietung auf Teneriffa \u2713 Go Caravan Canarias \u2713 Besuchen Sie die Kanarischen Inseln mit Go Caravan Canarias\" \/>\n<meta name=\"robots\" content=\"index, follow, max-snippet:-1, max-image-preview:large, max-video-preview:-1\" \/>\n<link rel=\"canonical\" href=\"https:\/\/www.gocaravancanarias.com\/de\/camper-mieten-auf-teneriffa\/\" \/>\n<meta property=\"og:locale\" content=\"de_DE\" \/>\n<meta property=\"og:type\" content=\"article\" \/>\n<meta property=\"og:title\" content=\"Camper mieten auf Teneriffa - Go Caravan Canarias\" \/>\n<meta property=\"og:description\" content=\"Camper mieten auf Teneriffa \u2713 Die beste Campervan-Vermietung auf Teneriffa \u2713 Go Caravan Canarias \u2713 Besuchen Sie die Kanarischen Inseln mit Go Caravan Canarias\" \/>\n<meta property=\"og:url\" content=\"https:\/\/www.gocaravancanarias.com\/de\/camper-mieten-auf-teneriffa\/\" \/>\n<meta property=\"og:site_name\" content=\"Go Caravan Canarias\" \/>\n<meta property=\"article:publisher\" content=\"https:\/\/www.facebook.com\/people\/Kineled\/100067500994492\/\" \/>\n<meta property=\"article:modified_time\" content=\"2025-01-02T16:24:20+00:00\" \/>\n<meta property=\"og:image\" content=\"https:\/\/www.gocaravancanarias.com\/wp-content\/uploads\/2024\/12\/WhatsApp-Image-2024-12-09-at-17.13.57-3-1024x766.jpeg\" \/>\n<meta name=\"twitter:card\" content=\"summary_large_image\" \/>\n<meta name=\"twitter:site\" content=\"@Kineled\" \/>\n<script type=\"application\/ld+json\" class=\"yoast-schema-graph\">{\"@context\":\"https:\\\/\\\/schema.org\",\"@graph\":[{\"@type\":\"WebPage\",\"@id\":\"https:\\\/\\\/www.gocaravancanarias.com\\\/de\\\/camper-mieten-auf-teneriffa\\\/\",\"url\":\"https:\\\/\\\/www.gocaravancanarias.com\\\/de\\\/camper-mieten-auf-teneriffa\\\/\",\"name\":\"Camper mieten auf Teneriffa - Go Caravan Canarias\",\"isPartOf\":{\"@id\":\"https:\\\/\\\/www.gocaravancanarias.com\\\/#website\"},\"primaryImageOfPage\":{\"@id\":\"https:\\\/\\\/www.gocaravancanarias.com\\\/de\\\/camper-mieten-auf-teneriffa\\\/#primaryimage\"},\"image\":{\"@id\":\"https:\\\/\\\/www.gocaravancanarias.com\\\/de\\\/camper-mieten-auf-teneriffa\\\/#primaryimage\"},\"thumbnailUrl\":\"https:\\\/\\\/www.gocaravancanarias.com\\\/wp-content\\\/uploads\\\/2024\\\/12\\\/WhatsApp-Image-2024-12-09-at-17.13.57-3-1024x766.jpeg\",\"datePublished\":\"2024-12-10T11:38:16+00:00\",\"dateModified\":\"2025-01-02T16:24:20+00:00\",\"description\":\"Camper mieten auf Teneriffa \u2713 Die beste Campervan-Vermietung auf Teneriffa \u2713 Go Caravan Canarias \u2713 Besuchen Sie die Kanarischen Inseln mit Go Caravan Canarias\",\"breadcrumb\":{\"@id\":\"https:\\\/\\\/www.gocaravancanarias.com\\\/de\\\/camper-mieten-auf-teneriffa\\\/#breadcrumb\"},\"inLanguage\":\"de\",\"potentialAction\":[{\"@type\":\"ReadAction\",\"target\":[\"https:\\\/\\\/www.gocaravancanarias.com\\\/de\\\/camper-mieten-auf-teneriffa\\\/\"]}]},{\"@type\":\"ImageObject\",\"inLanguage\":\"de\",\"@id\":\"https:\\\/\\\/www.gocaravancanarias.com\\\/de\\\/camper-mieten-auf-teneriffa\\\/#primaryimage\",\"url\":\"https:\\\/\\\/www.gocaravancanarias.com\\\/wp-content\\\/uploads\\\/2024\\\/12\\\/WhatsApp-Image-2024-12-09-at-17.13.57-3-1024x766.jpeg\",\"contentUrl\":\"https:\\\/\\\/www.gocaravancanarias.com\\\/wp-content\\\/uploads\\\/2024\\\/12\\\/WhatsApp-Image-2024-12-09-at-17.13.57-3-1024x766.jpeg\"},{\"@type\":\"BreadcrumbList\",\"@id\":\"https:\\\/\\\/www.gocaravancanarias.com\\\/de\\\/camper-mieten-auf-teneriffa\\\/#breadcrumb\",\"itemListElement\":[{\"@type\":\"ListItem\",\"position\":1,\"name\":\"Portada\",\"item\":\"https:\\\/\\\/www.gocaravancanarias.com\\\/de\\\/\"},{\"@type\":\"ListItem\",\"position\":2,\"name\":\"Camper mieten auf Teneriffa\"}]},{\"@type\":\"WebSite\",\"@id\":\"https:\\\/\\\/www.gocaravancanarias.com\\\/#website\",\"url\":\"https:\\\/\\\/www.gocaravancanarias.com\\\/\",\"name\":\"Go Caravan Canarias\",\"description\":\"Alquiler de Autocaravanas y Campers\",\"publisher\":{\"@id\":\"https:\\\/\\\/www.gocaravancanarias.com\\\/#organization\"},\"potentialAction\":[{\"@type\":\"SearchAction\",\"target\":{\"@type\":\"EntryPoint\",\"urlTemplate\":\"https:\\\/\\\/www.gocaravancanarias.com\\\/?s={search_term_string}\"},\"query-input\":{\"@type\":\"PropertyValueSpecification\",\"valueRequired\":true,\"valueName\":\"search_term_string\"}}],\"inLanguage\":\"de\"},{\"@type\":\"Organization\",\"@id\":\"https:\\\/\\\/www.gocaravancanarias.com\\\/#organization\",\"name\":\"Kineled Pantallas publicitarias\",\"url\":\"https:\\\/\\\/www.gocaravancanarias.com\\\/\",\"logo\":{\"@type\":\"ImageObject\",\"inLanguage\":\"de\",\"@id\":\"https:\\\/\\\/www.gocaravancanarias.com\\\/#\\\/schema\\\/logo\\\/image\\\/\",\"url\":\"http:\\\/\\\/www.gocaravancanarias.com\\\/wp-content\\\/uploads\\\/2023\\\/02\\\/logo.png\",\"contentUrl\":\"http:\\\/\\\/www.gocaravancanarias.com\\\/wp-content\\\/uploads\\\/2023\\\/02\\\/logo.png\",\"width\":200,\"height\":80,\"caption\":\"Kineled Pantallas publicitarias\"},\"image\":{\"@id\":\"https:\\\/\\\/www.gocaravancanarias.com\\\/#\\\/schema\\\/logo\\\/image\\\/\"},\"sameAs\":[\"https:\\\/\\\/www.facebook.com\\\/people\\\/Kineled\\\/100067500994492\\\/\",\"https:\\\/\\\/x.com\\\/Kineled\",\"https:\\\/\\\/es.linkedin.com\\\/in\\\/kineled-displays-809b4267\"]}]}<\/script>\n<!-- \/ Yoast SEO plugin. -->","yoast_head_json":{"title":"Camper mieten auf Teneriffa - Go Caravan Canarias","description":"Camper mieten auf Teneriffa \u2713 Die beste Campervan-Vermietung auf Teneriffa \u2713 Go Caravan Canarias \u2713 Besuchen Sie die Kanarischen Inseln mit Go Caravan Canarias","robots":{"index":"index","follow":"follow","max-snippet":"max-snippet:-1","max-image-preview":"max-image-preview:large","max-video-preview":"max-video-preview:-1"},"canonical":"https:\/\/www.gocaravancanarias.com\/de\/camper-mieten-auf-teneriffa\/","og_locale":"de_DE","og_type":"article","og_title":"Camper mieten auf Teneriffa - Go Caravan Canarias","og_description":"Camper mieten auf Teneriffa \u2713 Die beste Campervan-Vermietung auf Teneriffa \u2713 Go Caravan Canarias \u2713 Besuchen Sie die Kanarischen Inseln mit Go Caravan Canarias","og_url":"https:\/\/www.gocaravancanarias.com\/de\/camper-mieten-auf-teneriffa\/","og_site_name":"Go Caravan Canarias","article_publisher":"https:\/\/www.facebook.com\/people\/Kineled\/100067500994492\/","article_modified_time":"2025-01-02T16:24:20+00:00","og_image":[{"url":"https:\/\/www.gocaravancanarias.com\/wp-content\/uploads\/2024\/12\/WhatsApp-Image-2024-12-09-at-17.13.57-3-1024x766.jpeg","type":"","width":"","height":""}],"twitter_card":"summary_large_image","twitter_site":"@Kineled","schema":{"@context":"https:\/\/schema.org","@graph":[{"@type":"WebPage","@id":"https:\/\/www.gocaravancanarias.com\/de\/camper-mieten-auf-teneriffa\/","url":"https:\/\/www.gocaravancanarias.com\/de\/camper-mieten-auf-teneriffa\/","name":"Camper mieten auf Teneriffa - Go Caravan Canarias","isPartOf":{"@id":"https:\/\/www.gocaravancanarias.com\/#website"},"primaryImageOfPage":{"@id":"https:\/\/www.gocaravancanarias.com\/de\/camper-mieten-auf-teneriffa\/#primaryimage"},"image":{"@id":"https:\/\/www.gocaravancanarias.com\/de\/camper-mieten-auf-teneriffa\/#primaryimage"},"thumbnailUrl":"https:\/\/www.gocaravancanarias.com\/wp-content\/uploads\/2024\/12\/WhatsApp-Image-2024-12-09-at-17.13.57-3-1024x766.jpeg","datePublished":"2024-12-10T11:38:16+00:00","dateModified":"2025-01-02T16:24:20+00:00","description":"Camper mieten auf Teneriffa \u2713 Die beste Campervan-Vermietung auf Teneriffa \u2713 Go Caravan Canarias \u2713 Besuchen Sie die Kanarischen Inseln mit Go Caravan Canarias","breadcrumb":{"@id":"https:\/\/www.gocaravancanarias.com\/de\/camper-mieten-auf-teneriffa\/#breadcrumb"},"inLanguage":"de","potentialAction":[{"@type":"ReadAction","target":["https:\/\/www.gocaravancanarias.com\/de\/camper-mieten-auf-teneriffa\/"]}]},{"@type":"ImageObject","inLanguage":"de","@id":"https:\/\/www.gocaravancanarias.com\/de\/camper-mieten-auf-teneriffa\/#primaryimage","url":"https:\/\/www.gocaravancanarias.com\/wp-content\/uploads\/2024\/12\/WhatsApp-Image-2024-12-09-at-17.13.57-3-1024x766.jpeg","contentUrl":"https:\/\/www.gocaravancanarias.com\/wp-content\/uploads\/2024\/12\/WhatsApp-Image-2024-12-09-at-17.13.57-3-1024x766.jpeg"},{"@type":"BreadcrumbList","@id":"https:\/\/www.gocaravancanarias.com\/de\/camper-mieten-auf-teneriffa\/#breadcrumb","itemListElement":[{"@type":"ListItem","position":1,"name":"Portada","item":"https:\/\/www.gocaravancanarias.com\/de\/"},{"@type":"ListItem","position":2,"name":"Camper mieten auf Teneriffa"}]},{"@type":"WebSite","@id":"https:\/\/www.gocaravancanarias.com\/#website","url":"https:\/\/www.gocaravancanarias.com\/","name":"Go Caravan Canarias","description":"Alquiler de Autocaravanas y Campers","publisher":{"@id":"https:\/\/www.gocaravancanarias.com\/#organization"},"potentialAction":[{"@type":"SearchAction","target":{"@type":"EntryPoint","urlTemplate":"https:\/\/www.gocaravancanarias.com\/?s={search_term_string}"},"query-input":{"@type":"PropertyValueSpecification","valueRequired":true,"valueName":"search_term_string"}}],"inLanguage":"de"},{"@type":"Organization","@id":"https:\/\/www.gocaravancanarias.com\/#organization","name":"Kineled Pantallas publicitarias","url":"https:\/\/www.gocaravancanarias.com\/","logo":{"@type":"ImageObject","inLanguage":"de","@id":"https:\/\/www.gocaravancanarias.com\/#\/schema\/logo\/image\/","url":"http:\/\/www.gocaravancanarias.com\/wp-content\/uploads\/2023\/02\/logo.png","contentUrl":"http:\/\/www.gocaravancanarias.com\/wp-content\/uploads\/2023\/02\/logo.png","width":200,"height":80,"caption":"Kineled Pantallas publicitarias"},"image":{"@id":"https:\/\/www.gocaravancanarias.com\/#\/schema\/logo\/image\/"},"sameAs":["https:\/\/www.facebook.com\/people\/Kineled\/100067500994492\/","https:\/\/x.com\/Kineled","https:\/\/es.linkedin.com\/in\/kineled-displays-809b4267"]}]}},"_links":{"self":[{"href":"https:\/\/www.gocaravancanarias.com\/de\/wp-json\/wp\/v2\/pages\/14960","targetHints":{"allow":["GET"]}}],"collection":[{"href":"https:\/\/www.gocaravancanarias.com\/de\/wp-json\/wp\/v2\/pages"}],"about":[{"href":"https:\/\/www.gocaravancanarias.com\/de\/wp-json\/wp\/v2\/types\/page"}],"author":[{"embeddable":true,"href":"https:\/\/www.gocaravancanarias.com\/de\/wp-json\/wp\/v2\/users\/7"}],"replies":[{"embeddable":true,"href":"https:\/\/www.gocaravancanarias.com\/de\/wp-json\/wp\/v2\/comments?post=14960"}],"version-history":[{"count":0,"href":"https:\/\/www.gocaravancanarias.com\/de\/wp-json\/wp\/v2\/pages\/14960\/revisions"}],"wp:attachment":[{"href":"https:\/\/www.gocaravancanarias.com\/de\/wp-json\/wp\/v2\/media?parent=14960"}],"curies":[{"name":"wp","href":"https:\/\/api.w.org\/{rel}","templated":true}]}}