{"id":14967,"date":"2024-12-10T12:45:32","date_gmt":"2024-12-10T11:45:32","guid":{"rendered":"https:\/\/www.gocaravancanarias.com\/?page_id=14967"},"modified":"2025-01-02T17:25:17","modified_gmt":"2025-01-02T16:25:17","slug":"camper-mieten-auf-den-kanarischen-inseln","status":"publish","type":"page","link":"https:\/\/www.gocaravancanarias.com\/de\/camper-mieten-auf-den-kanarischen-inseln\/","title":{"rendered":"Camper mieten auf den Kanarischen Inseln"},"content":{"rendered":"<p><span style=\"font-weight: 400;\">Wie stellen Sie sich Ihren Urlaub auf den Kanarischen Inseln vor? Bei <\/span><a href=\"https:\/\/www.gocaravancanarias.com\/de\/\"><b>Go Caravan Canarias<\/b><\/a><span style=\"font-weight: 400;\"> haben wir alle Zutaten, um Ihre Reise zu einem unvergesslichen Erlebnis zu machen, das Sie immer wieder gerne wiederholen werden. M\u00f6chten Sie wissen, wie? Es gibt keine bessere Art und Weise, ein Reiseziel kennen zu lernen als auf der Stra\u00dfe, mit der Freiheit, anzuhalten, wann immer Sie wollen, und die Route zu \u00e4ndern. In diesem Sinne ist Go Caravan Canarias eine der f\u00fchrenden Wohnmobilvermietungen auf den Kanarischen Inseln und bietet Ihnen eine gro\u00dfe Auswahl an Wohnmobilen zu unschlagbaren Preisen.<\/span><\/p>\n<p><span style=\"font-weight: 400;\">\u00a0<\/span><span style=\"font-weight: 400;\">Obwohl sich unsere B\u00fcros auf Teneriffa befinden, bedienen wir Kunden aus ganz Spanien und Europa. Besuchen Sie einfach unsere offizielle Website und sehen Sie sich alle Modelle an, die wir anbieten. Unsere Wohnmobile sind ideal f\u00fcr Paare und kleine Familien, die einen Urlaub an einem so wundersch\u00f6nen Ort wie den Kanarischen Inseln verbringen m\u00f6chten. Alle unsere Fahrzeuge sind komplett ausgestattet und in einwandfreiem Zustand.<\/span><\/p>\n<p><span style=\"font-weight: 400;\">Wenn Sie daran interessiert sind, uns besser kennenzulernen, kontaktieren Sie uns (<\/span><a href=\"tel:+34 643 774 138\"><span style=\"font-weight: 400;\">+34 643 774 138<\/span><\/a><span style=\"font-weight: 400;\"> oder <\/span><a href=\"mailto:gestion@gocaravancanarias.com\"><span style=\"font-weight: 400;\">gestion@gocaravancanarias.com<\/span><\/a><span style=\"font-weight: 400;\">). Wir werden Ihnen bei allem, was Sie brauchen, behilflich sein und alle Ihre Zweifel ausr\u00e4umen. Wir lieben es, unsere Kunden pers\u00f6nlich zu behandeln, und wir m\u00f6chten, dass sie mit ihrer Erfahrung als Vermieter zufrieden sind.<\/span><\/p>\n<p>&nbsp;<\/p>\n<p><img loading=\"lazy\" decoding=\"async\" class=\"alignnone wp-image-14968 \" src=\"https:\/\/www.gocaravancanarias.com\/wp-content\/uploads\/2024\/12\/WhatsApp-Image-2024-12-09-at-17.13.57-4-1024x766.jpeg\" alt=\"Camper mieten auf den Kanarischen Inseln\" width=\"569\" height=\"426\" \/><\/p>\n<p>&nbsp;<\/p>\n<h2><span style=\"font-weight: 400;\">Go Caravan Canarias, die beste Campervan-Vermietung auf den Kanarischen Inseln<\/span><\/h2>\n<p>&nbsp;<\/p>\n<h3><span style=\"font-weight: 400;\">Dies ist der beste Katalog f\u00fcr die Vermietung von Wohnmobilen auf den Kanarischen Inseln<\/span><\/h3>\n<p><span style=\"font-weight: 400;\">Wenn Sie sich f\u00fcr die Dienste von Go Caravan Canarias entscheiden, mieten Sie einen Campervan in perfektem Zustand und mit bestem Komfort ausgestattet. Unsere Fahrzeuge sind so konzipiert, dass Sie auf Ihren Reisen maximalen Komfort und ein Maximum an Platz genie\u00dfen k\u00f6nnen, so als w\u00fcrden Sie in Ihrem eigenen Haus wohnen! Unsere Wohnmobile verf\u00fcgen \u00fcber Betten, Bad, Dusche, K\u00fcche und einen kleinen Aufenthaltsraum. Sie sind auch mit den besten Sicherheitssystemen ausgestattet.<\/span><\/p>\n<h3><\/h3>\n<h3><span style=\"font-weight: 400;\">Mieten Sie Wohnmobile auf den Kanarischen Inseln zu den besten Preisen<\/span><\/h3>\n<p><span style=\"font-weight: 400;\">Wir von Go Caravan Canarias glauben, dass Sie sich keine Sorgen um Ihr Budget machen m\u00fcssen. Aus diesem Grund sind unsere Preise angepasst und auf Ihren Geldbeutel abgestimmt. Wir garantieren Ihnen niedrige Preise und eine flexible Zahlungsweise. Dar\u00fcber hinaus haben wir eine flexible Stornierungspolitik, bei der wir 100% des urspr\u00fcnglichen Betrages zur\u00fcckerstatten, wenn Sie innerhalb von 30 Tagen vor Reisebeginn stornieren.<\/span><\/p>\n<p>&nbsp;<\/p>\n<h2><span style=\"font-weight: 400;\">Buchen Sie Ihr Wohnmobil am Flughafen der Kanarischen Inseln<\/span><\/h2>\n<p><span style=\"font-weight: 400;\">Ein weiterer erstklassiger Service, den wir in unserem Unternehmen anbieten, ist die M\u00f6glichkeit, Ihr Wohnmobil direkt am Flughafen abzuholen. Auf diese Weise verlieren Sie keine Zeit und k\u00f6nnen Ihr Zuhause auf R\u00e4dern vom ersten Moment an genie\u00dfen. Denselben Service bieten wir auch an, wenn Sie mit dem Schiff anreisen. Wenn Sie mehr dar\u00fcber wissen m\u00f6chten, nehmen Sie bitte Kontakt mit uns auf.<\/span><\/p>\n<p>&nbsp;<\/p>\n<h2><span style=\"font-weight: 400;\">Ein Campervan auf den Kanarischen Inseln zu mieten ist mit Go Caravan Canarias ganz einfach<\/span><\/h2>\n<p><span style=\"font-weight: 400;\">Sie sind dabei, die Kanarischen Inseln zu entdecken! Ein Reiseziel, das Sie mit seinen sch\u00f6nen Landschaften, seinen D\u00f6rfern, seiner Gastronomie und seinen schwarzen Sandstr\u00e4nden faszinieren wird. Machen Sie das Beste aus Ihrem Abenteuer mit Go Caravan Canarias und mieten Sie ein Wohnmobil zum besten Preis. Dar\u00fcber hinaus genie\u00dfen Sie die beste pers\u00f6nliche Betreuung und haben Zugang zu einer Flotte von Fahrzeugen in praktisch neuem Zustand.<\/span><\/p>\n<p><span style=\"font-weight: 400;\">\u00a0<\/span><\/p>\n<p><iframe loading=\"lazy\" style=\"border: 0;\" src=\"https:\/\/www.google.com\/maps\/embed?pb=!1m18!1m12!1m3!1d3593225.8007584177!2d-18.49441014279991!3d28.418968060807682!2m3!1f0!2f0!3f0!3m2!1i1024!2i768!4f13.1!3m3!1m2!1s0xc41aa86ef755363%3A0x10340f3be4bc8c0!2sCanarias!5e0!3m2!1ses!2ses!4v1735821504935!5m2!1ses!2ses\" width=\"\u201c100%\u201d\" height=\"450\" allowfullscreen=\"allowfullscreen\"><\/iframe><\/p>\n","protected":false},"excerpt":{"rendered":"<p>Wie stellen Sie sich Ihren Urlaub auf den Kanarischen Inseln vor? Bei Go Caravan Canarias haben wir alle Zutaten, um Ihre Reise zu einem unvergesslichen Erlebnis zu machen, das Sie immer wieder gerne wiederholen werden. M\u00f6chten Sie wissen, wie? Es gibt keine bessere Art und Weise, ein Reiseziel kennen zu lernen als auf der Stra\u00dfe, [&hellip;]<\/p>\n","protected":false},"author":7,"featured_media":0,"parent":0,"menu_order":0,"comment_status":"closed","ping_status":"closed","template":"","meta":{"_et_pb_use_builder":"","_et_pb_old_content":"","_et_gb_content_width":"","_joinchat":[],"footnotes":""},"class_list":["post-14967","page","type-page","status-publish","hentry"],"yoast_head":"<!-- This site is optimized with the Yoast SEO plugin v27.3 - https:\/\/yoast.com\/product\/yoast-seo-wordpress\/ -->\n<title>Camper mieten auf den Kanarischen Inseln - Go Caravan Canarias<\/title>\n<meta name=\"description\" content=\"Camper mieten auf den Kanarischen Inseln \u2713 Die beste Campervan-Vermietung auf Kanarischen Inseln \u2713 Go Caravan Canarias\" \/>\n<meta name=\"robots\" content=\"index, follow, max-snippet:-1, max-image-preview:large, max-video-preview:-1\" \/>\n<link rel=\"canonical\" href=\"https:\/\/www.gocaravancanarias.com\/de\/camper-mieten-auf-den-kanarischen-inseln\/\" \/>\n<meta property=\"og:locale\" content=\"de_DE\" \/>\n<meta property=\"og:type\" content=\"article\" \/>\n<meta property=\"og:title\" content=\"Camper mieten auf den Kanarischen Inseln - Go Caravan Canarias\" \/>\n<meta property=\"og:description\" content=\"Camper mieten auf den Kanarischen Inseln \u2713 Die beste Campervan-Vermietung auf Kanarischen Inseln \u2713 Go Caravan Canarias\" \/>\n<meta property=\"og:url\" content=\"https:\/\/www.gocaravancanarias.com\/de\/camper-mieten-auf-den-kanarischen-inseln\/\" \/>\n<meta property=\"og:site_name\" content=\"Go Caravan Canarias\" \/>\n<meta property=\"article:publisher\" content=\"https:\/\/www.facebook.com\/people\/Kineled\/100067500994492\/\" \/>\n<meta property=\"article:modified_time\" content=\"2025-01-02T16:25:17+00:00\" \/>\n<meta property=\"og:image\" content=\"https:\/\/www.gocaravancanarias.com\/wp-content\/uploads\/2024\/12\/WhatsApp-Image-2024-12-09-at-17.13.57-4-1024x766.jpeg\" \/>\n<meta name=\"twitter:card\" content=\"summary_large_image\" \/>\n<meta name=\"twitter:site\" content=\"@Kineled\" \/>\n<script type=\"application\/ld+json\" class=\"yoast-schema-graph\">{\"@context\":\"https:\\\/\\\/schema.org\",\"@graph\":[{\"@type\":\"WebPage\",\"@id\":\"https:\\\/\\\/www.gocaravancanarias.com\\\/de\\\/camper-mieten-auf-den-kanarischen-inseln\\\/\",\"url\":\"https:\\\/\\\/www.gocaravancanarias.com\\\/de\\\/camper-mieten-auf-den-kanarischen-inseln\\\/\",\"name\":\"Camper mieten auf den Kanarischen Inseln - Go Caravan Canarias\",\"isPartOf\":{\"@id\":\"https:\\\/\\\/www.gocaravancanarias.com\\\/#website\"},\"primaryImageOfPage\":{\"@id\":\"https:\\\/\\\/www.gocaravancanarias.com\\\/de\\\/camper-mieten-auf-den-kanarischen-inseln\\\/#primaryimage\"},\"image\":{\"@id\":\"https:\\\/\\\/www.gocaravancanarias.com\\\/de\\\/camper-mieten-auf-den-kanarischen-inseln\\\/#primaryimage\"},\"thumbnailUrl\":\"https:\\\/\\\/www.gocaravancanarias.com\\\/wp-content\\\/uploads\\\/2024\\\/12\\\/WhatsApp-Image-2024-12-09-at-17.13.57-4-1024x766.jpeg\",\"datePublished\":\"2024-12-10T11:45:32+00:00\",\"dateModified\":\"2025-01-02T16:25:17+00:00\",\"description\":\"Camper mieten auf den Kanarischen Inseln \u2713 Die beste Campervan-Vermietung auf Kanarischen Inseln \u2713 Go Caravan Canarias\",\"breadcrumb\":{\"@id\":\"https:\\\/\\\/www.gocaravancanarias.com\\\/de\\\/camper-mieten-auf-den-kanarischen-inseln\\\/#breadcrumb\"},\"inLanguage\":\"de\",\"potentialAction\":[{\"@type\":\"ReadAction\",\"target\":[\"https:\\\/\\\/www.gocaravancanarias.com\\\/de\\\/camper-mieten-auf-den-kanarischen-inseln\\\/\"]}]},{\"@type\":\"ImageObject\",\"inLanguage\":\"de\",\"@id\":\"https:\\\/\\\/www.gocaravancanarias.com\\\/de\\\/camper-mieten-auf-den-kanarischen-inseln\\\/#primaryimage\",\"url\":\"https:\\\/\\\/www.gocaravancanarias.com\\\/wp-content\\\/uploads\\\/2024\\\/12\\\/WhatsApp-Image-2024-12-09-at-17.13.57-4-1024x766.jpeg\",\"contentUrl\":\"https:\\\/\\\/www.gocaravancanarias.com\\\/wp-content\\\/uploads\\\/2024\\\/12\\\/WhatsApp-Image-2024-12-09-at-17.13.57-4-1024x766.jpeg\"},{\"@type\":\"BreadcrumbList\",\"@id\":\"https:\\\/\\\/www.gocaravancanarias.com\\\/de\\\/camper-mieten-auf-den-kanarischen-inseln\\\/#breadcrumb\",\"itemListElement\":[{\"@type\":\"ListItem\",\"position\":1,\"name\":\"Portada\",\"item\":\"https:\\\/\\\/www.gocaravancanarias.com\\\/de\\\/\"},{\"@type\":\"ListItem\",\"position\":2,\"name\":\"Camper mieten auf den Kanarischen Inseln\"}]},{\"@type\":\"WebSite\",\"@id\":\"https:\\\/\\\/www.gocaravancanarias.com\\\/#website\",\"url\":\"https:\\\/\\\/www.gocaravancanarias.com\\\/\",\"name\":\"Go Caravan Canarias\",\"description\":\"Alquiler de Autocaravanas y Campers\",\"publisher\":{\"@id\":\"https:\\\/\\\/www.gocaravancanarias.com\\\/#organization\"},\"potentialAction\":[{\"@type\":\"SearchAction\",\"target\":{\"@type\":\"EntryPoint\",\"urlTemplate\":\"https:\\\/\\\/www.gocaravancanarias.com\\\/?s={search_term_string}\"},\"query-input\":{\"@type\":\"PropertyValueSpecification\",\"valueRequired\":true,\"valueName\":\"search_term_string\"}}],\"inLanguage\":\"de\"},{\"@type\":\"Organization\",\"@id\":\"https:\\\/\\\/www.gocaravancanarias.com\\\/#organization\",\"name\":\"Kineled Pantallas publicitarias\",\"url\":\"https:\\\/\\\/www.gocaravancanarias.com\\\/\",\"logo\":{\"@type\":\"ImageObject\",\"inLanguage\":\"de\",\"@id\":\"https:\\\/\\\/www.gocaravancanarias.com\\\/#\\\/schema\\\/logo\\\/image\\\/\",\"url\":\"http:\\\/\\\/www.gocaravancanarias.com\\\/wp-content\\\/uploads\\\/2023\\\/02\\\/logo.png\",\"contentUrl\":\"http:\\\/\\\/www.gocaravancanarias.com\\\/wp-content\\\/uploads\\\/2023\\\/02\\\/logo.png\",\"width\":200,\"height\":80,\"caption\":\"Kineled Pantallas publicitarias\"},\"image\":{\"@id\":\"https:\\\/\\\/www.gocaravancanarias.com\\\/#\\\/schema\\\/logo\\\/image\\\/\"},\"sameAs\":[\"https:\\\/\\\/www.facebook.com\\\/people\\\/Kineled\\\/100067500994492\\\/\",\"https:\\\/\\\/x.com\\\/Kineled\",\"https:\\\/\\\/es.linkedin.com\\\/in\\\/kineled-displays-809b4267\"]}]}<\/script>\n<!-- \/ Yoast SEO plugin. -->","yoast_head_json":{"title":"Camper mieten auf den Kanarischen Inseln - Go Caravan Canarias","description":"Camper mieten auf den Kanarischen Inseln \u2713 Die beste Campervan-Vermietung auf Kanarischen Inseln \u2713 Go Caravan Canarias","robots":{"index":"index","follow":"follow","max-snippet":"max-snippet:-1","max-image-preview":"max-image-preview:large","max-video-preview":"max-video-preview:-1"},"canonical":"https:\/\/www.gocaravancanarias.com\/de\/camper-mieten-auf-den-kanarischen-inseln\/","og_locale":"de_DE","og_type":"article","og_title":"Camper mieten auf den Kanarischen Inseln - Go Caravan Canarias","og_description":"Camper mieten auf den Kanarischen Inseln \u2713 Die beste Campervan-Vermietung auf Kanarischen Inseln \u2713 Go Caravan Canarias","og_url":"https:\/\/www.gocaravancanarias.com\/de\/camper-mieten-auf-den-kanarischen-inseln\/","og_site_name":"Go Caravan Canarias","article_publisher":"https:\/\/www.facebook.com\/people\/Kineled\/100067500994492\/","article_modified_time":"2025-01-02T16:25:17+00:00","og_image":[{"url":"https:\/\/www.gocaravancanarias.com\/wp-content\/uploads\/2024\/12\/WhatsApp-Image-2024-12-09-at-17.13.57-4-1024x766.jpeg","type":"","width":"","height":""}],"twitter_card":"summary_large_image","twitter_site":"@Kineled","schema":{"@context":"https:\/\/schema.org","@graph":[{"@type":"WebPage","@id":"https:\/\/www.gocaravancanarias.com\/de\/camper-mieten-auf-den-kanarischen-inseln\/","url":"https:\/\/www.gocaravancanarias.com\/de\/camper-mieten-auf-den-kanarischen-inseln\/","name":"Camper mieten auf den Kanarischen Inseln - Go Caravan Canarias","isPartOf":{"@id":"https:\/\/www.gocaravancanarias.com\/#website"},"primaryImageOfPage":{"@id":"https:\/\/www.gocaravancanarias.com\/de\/camper-mieten-auf-den-kanarischen-inseln\/#primaryimage"},"image":{"@id":"https:\/\/www.gocaravancanarias.com\/de\/camper-mieten-auf-den-kanarischen-inseln\/#primaryimage"},"thumbnailUrl":"https:\/\/www.gocaravancanarias.com\/wp-content\/uploads\/2024\/12\/WhatsApp-Image-2024-12-09-at-17.13.57-4-1024x766.jpeg","datePublished":"2024-12-10T11:45:32+00:00","dateModified":"2025-01-02T16:25:17+00:00","description":"Camper mieten auf den Kanarischen Inseln \u2713 Die beste Campervan-Vermietung auf Kanarischen Inseln \u2713 Go Caravan Canarias","breadcrumb":{"@id":"https:\/\/www.gocaravancanarias.com\/de\/camper-mieten-auf-den-kanarischen-inseln\/#breadcrumb"},"inLanguage":"de","potentialAction":[{"@type":"ReadAction","target":["https:\/\/www.gocaravancanarias.com\/de\/camper-mieten-auf-den-kanarischen-inseln\/"]}]},{"@type":"ImageObject","inLanguage":"de","@id":"https:\/\/www.gocaravancanarias.com\/de\/camper-mieten-auf-den-kanarischen-inseln\/#primaryimage","url":"https:\/\/www.gocaravancanarias.com\/wp-content\/uploads\/2024\/12\/WhatsApp-Image-2024-12-09-at-17.13.57-4-1024x766.jpeg","contentUrl":"https:\/\/www.gocaravancanarias.com\/wp-content\/uploads\/2024\/12\/WhatsApp-Image-2024-12-09-at-17.13.57-4-1024x766.jpeg"},{"@type":"BreadcrumbList","@id":"https:\/\/www.gocaravancanarias.com\/de\/camper-mieten-auf-den-kanarischen-inseln\/#breadcrumb","itemListElement":[{"@type":"ListItem","position":1,"name":"Portada","item":"https:\/\/www.gocaravancanarias.com\/de\/"},{"@type":"ListItem","position":2,"name":"Camper mieten auf den Kanarischen Inseln"}]},{"@type":"WebSite","@id":"https:\/\/www.gocaravancanarias.com\/#website","url":"https:\/\/www.gocaravancanarias.com\/","name":"Go Caravan Canarias","description":"Alquiler de Autocaravanas y Campers","publisher":{"@id":"https:\/\/www.gocaravancanarias.com\/#organization"},"potentialAction":[{"@type":"SearchAction","target":{"@type":"EntryPoint","urlTemplate":"https:\/\/www.gocaravancanarias.com\/?s={search_term_string}"},"query-input":{"@type":"PropertyValueSpecification","valueRequired":true,"valueName":"search_term_string"}}],"inLanguage":"de"},{"@type":"Organization","@id":"https:\/\/www.gocaravancanarias.com\/#organization","name":"Kineled Pantallas publicitarias","url":"https:\/\/www.gocaravancanarias.com\/","logo":{"@type":"ImageObject","inLanguage":"de","@id":"https:\/\/www.gocaravancanarias.com\/#\/schema\/logo\/image\/","url":"http:\/\/www.gocaravancanarias.com\/wp-content\/uploads\/2023\/02\/logo.png","contentUrl":"http:\/\/www.gocaravancanarias.com\/wp-content\/uploads\/2023\/02\/logo.png","width":200,"height":80,"caption":"Kineled Pantallas publicitarias"},"image":{"@id":"https:\/\/www.gocaravancanarias.com\/#\/schema\/logo\/image\/"},"sameAs":["https:\/\/www.facebook.com\/people\/Kineled\/100067500994492\/","https:\/\/x.com\/Kineled","https:\/\/es.linkedin.com\/in\/kineled-displays-809b4267"]}]}},"_links":{"self":[{"href":"https:\/\/www.gocaravancanarias.com\/de\/wp-json\/wp\/v2\/pages\/14967","targetHints":{"allow":["GET"]}}],"collection":[{"href":"https:\/\/www.gocaravancanarias.com\/de\/wp-json\/wp\/v2\/pages"}],"about":[{"href":"https:\/\/www.gocaravancanarias.com\/de\/wp-json\/wp\/v2\/types\/page"}],"author":[{"embeddable":true,"href":"https:\/\/www.gocaravancanarias.com\/de\/wp-json\/wp\/v2\/users\/7"}],"replies":[{"embeddable":true,"href":"https:\/\/www.gocaravancanarias.com\/de\/wp-json\/wp\/v2\/comments?post=14967"}],"version-history":[{"count":0,"href":"https:\/\/www.gocaravancanarias.com\/de\/wp-json\/wp\/v2\/pages\/14967\/revisions"}],"wp:attachment":[{"href":"https:\/\/www.gocaravancanarias.com\/de\/wp-json\/wp\/v2\/media?parent=14967"}],"curies":[{"name":"wp","href":"https:\/\/api.w.org\/{rel}","templated":true}]}}