{"id":14974,"date":"2024-12-10T12:55:43","date_gmt":"2024-12-10T11:55:43","guid":{"rendered":"https:\/\/www.gocaravancanarias.com\/?page_id=14974"},"modified":"2025-01-02T17:24:49","modified_gmt":"2025-01-02T16:24:49","slug":"wohnmobile-auf-teneriffa-mieten","status":"publish","type":"page","link":"https:\/\/www.gocaravancanarias.com\/de\/wohnmobile-auf-teneriffa-mieten\/","title":{"rendered":"Wohnmobile auf Teneriffa mieten"},"content":{"rendered":"<p><span style=\"font-weight: 400;\">Reisen ist ein einzigartiges Erlebnis. Und wenn Sie es in Ihrem eigenen Tempo tun k\u00f6nnen, mit der Freiheit, die Route zu \u00e4ndern, wann immer Sie wollen, und auf eine wirtschaftlichere Weise, umso besser. Bei <a href=\"https:\/\/www.gocaravancanarias.com\/de\/\"><strong>Go Caravan Canarias<\/strong><\/a> lieben wir das Reisen. Wir lieben es, neue Ziele zu erkunden und arbeiten hart daran, Ihnen die beste Wohnmobilvermietung auf Teneriffa zu bieten. Dank unserer Beharrlichkeit und unserer langj\u00e4hrigen Erfahrung im Caravaning-Sektor arbeiten wir mit einigen der besten Marken auf dem Markt zusammen, wie zum Beispiel Giottiline. Dies ist eine der bekanntesten Marken in diesem Sektor.<\/span><\/p>\n<p><span style=\"font-weight: 400;\">Wenn Sie mit dem Gedanken spielen, nach Teneriffa zu reisen und all die unglaublichen Orte dieses Reiseziels auf eine andere Art und Weise entdecken m\u00f6chten, ist Go Caravan Canarias die beste Wahl f\u00fcr Sie. Wir bieten Ihnen den besten Service und eine exklusive Betreuung, damit Sie das Wohnmobil mieten k\u00f6nnen, das am besten zu Ihrem Reisestil passt. Wir haben gro\u00dfe Modelle mit Platz f\u00fcr bis zu 4 Personen und kompaktere Modelle, die perfekt f\u00fcr Paare und Alleinreisende sind.\u00a0<\/span><\/p>\n<p><span style=\"font-weight: 400;\">Willkommen auf der Reise Ihrer Tr\u00e4ume! Setzen Sie sich mit uns in Verbindung (<a href=\"tel:+34 643 774 138\">+34 643 774 138<\/a> oder <a href=\"mailto:gestion@gocaravancanarias.com\">gestion@gocaravancanarias.com<\/a>) und sehen Sie sich alle M\u00f6glichkeiten an, die wir zu bieten haben. Loggen Sie sich einfach auf unserer Website ein, w\u00e4hlen Sie Ihre Reisedaten, pr\u00fcfen Sie die Verf\u00fcgbarkeit unserer Wohnmobile und buchen Sie &#8211; so einfach ist das! Mit nur ein paar Klicks sind Sie startklar.<\/span><\/p>\n<p>&nbsp;<\/p>\n<p><img loading=\"lazy\" decoding=\"async\" class=\"alignnone wp-image-14975 \" src=\"https:\/\/www.gocaravancanarias.com\/wp-content\/uploads\/2024\/12\/WhatsApp-Image-2024-12-09-at-17.13.49-4-1024x771.jpeg\" alt=\"Wohnmobile auf Teneriffa mieten Go Caravan Canarias\" width=\"541\" height=\"407\" \/><\/p>\n<p>&nbsp;<\/p>\n<h2><span style=\"font-weight: 400;\">\u00a0Entdecken Sie unseren Wohnmobil-Vermietungsservice auf Teneriffa<\/span><\/h2>\n<p>&nbsp;<\/p>\n<h3><span style=\"font-weight: 400;\">Mieten Sie auf Teneriffa Wohnmobile der besten Marken<\/span><\/h3>\n<p><span style=\"font-weight: 400;\">Einer der Gr\u00fcnde, warum Go Caravan Canarias einer der f\u00fchrenden Wohnmobilvermieter auf Teneriffa ist, liegt darin, dass wir mit einigen der besten Marken auf dem Caravaning-Markt zusammenarbeiten. Unser Starhersteller ist Giottiline. Diese Marke zeichnet sich durch die Herstellung von Reisemobilen h\u00f6chster Qualit\u00e4t aus, die mit der besten Technologie des Sektors und fortschrittlicher Verkehrssicherheitssoftware ausgestattet sind.<\/span><\/p>\n<h3><\/h3>\n<h3><span style=\"font-weight: 400;\">Der beste Katalog f\u00fcr die Vermietung von Wohnmobilen auf Teneriffa<\/span><\/h3>\n<p><span style=\"font-weight: 400;\">Kennen Sie noch nicht den Katalog der Wohnmobile, die Go Caravan Canarias Ihnen zur Miete anbietet? Wir verf\u00fcgen \u00fcber Modelle der neuesten Generation in perfektem Zustand, die regelm\u00e4\u00dfig von einem spezialisierten technischen Team \u00fcberpr\u00fcft werden. Sie haben nicht nur Zugang zu einer gro\u00dfen Auswahl an Designs, sondern auch zu maximalem Komfort und dem n\u00f6tigen Platz, um mit Ihren Liebsten bequem zu reisen. Unsere Wohnmobile sind mit Betten, Wohnzimmer, K\u00fcche, Bad und Dusche ausgestattet.<\/span><\/p>\n<p>&nbsp;<\/p>\n<h2><span style=\"font-weight: 400;\">Mieten Sie ein Wohnmobil am Flughafen von Teneriffa<\/span><\/h2>\n<p><span style=\"font-weight: 400;\">K\u00f6nnen Sie sich vorstellen, in Teneriffa zu landen und Ihr Wohnmobil wartet auf Sie? Das ist m\u00f6glich dank unseres speziellen Lieferservices f\u00fcr Wohnmobile am Flughafen. Wenn Sie keine Minute verschwenden und Ihr Abenteuer sofort beginnen wollen, k\u00f6nnen Sie diesen Service mieten, Ihr Wohnmobil wird am Ausgang auf Sie warten!<\/span><\/p>\n<p>&nbsp;<\/p>\n<h2><span style=\"font-weight: 400;\">Jetzt k\u00f6nnen Sie Wohnmobile auf Teneriffa zum besten Preis mit Go Caravan Canarias mieten<\/span><\/h2>\n<p><span style=\"font-weight: 400;\">Mit Go Caravan Canarias k\u00f6nnen Sie ein Wohnmobil auf Teneriffa zum besten Preis mieten. Unsere Tarife sind flexibel und passen sich Ihrem Budget an. Sollten Sie Ihre Reise stornieren m\u00fcssen, erstatten wir Ihnen 100% des Preises, wenn Sie dies 30 Tage vor dem Abholdatum Ihres Wohnmobils tun. Kontaktieren Sie uns, wir warten auf Sie!<\/span><\/p>\n<p><iframe loading=\"lazy\" style=\"border: 0;\" src=\"https:\/\/www.google.com\/maps\/embed?pb=!1m18!1m12!1m3!1d449686.4997500615!2d-16.85231446389737!3d28.292998898286008!2m3!1f0!2f0!3f0!3m2!1i1024!2i768!4f13.1!3m3!1m2!1s0xc4029effe8682ed%3A0xb01a4bf1c84baf3c!2sTenerife!5e0!3m2!1ses!2ses!4v1735821468541!5m2!1ses!2ses\" width=\"\u201c100%\u201d\" height=\"450\" allowfullscreen=\"allowfullscreen\"><\/iframe><\/p>\n","protected":false},"excerpt":{"rendered":"<p>Reisen ist ein einzigartiges Erlebnis. Und wenn Sie es in Ihrem eigenen Tempo tun k\u00f6nnen, mit der Freiheit, die Route zu \u00e4ndern, wann immer Sie wollen, und auf eine wirtschaftlichere Weise, umso besser. Bei Go Caravan Canarias lieben wir das Reisen. Wir lieben es, neue Ziele zu erkunden und arbeiten hart daran, Ihnen die beste [&hellip;]<\/p>\n","protected":false},"author":7,"featured_media":0,"parent":0,"menu_order":0,"comment_status":"closed","ping_status":"closed","template":"","meta":{"_et_pb_use_builder":"","_et_pb_old_content":"","_et_gb_content_width":"","_joinchat":[],"footnotes":""},"class_list":["post-14974","page","type-page","status-publish","hentry"],"yoast_head":"<!-- This site is optimized with the Yoast SEO plugin v27.3 - https:\/\/yoast.com\/product\/yoast-seo-wordpress\/ -->\n<title>Wohnmobile auf Teneriffa mieten - Go Caravan Canarias<\/title>\n<meta name=\"description\" content=\"Wohnmobile auf Teneriffa mieten \u2713 Die beste wohnmobile auf Teneriffa \u2713 Go Caravan Canarias \u2713 Besuchen Sie die Kanarischen Inseln mit Go Caravan Canarias\" \/>\n<meta name=\"robots\" content=\"index, follow, max-snippet:-1, max-image-preview:large, max-video-preview:-1\" \/>\n<link rel=\"canonical\" href=\"https:\/\/www.gocaravancanarias.com\/de\/wohnmobile-auf-teneriffa-mieten\/\" \/>\n<meta property=\"og:locale\" content=\"de_DE\" \/>\n<meta property=\"og:type\" content=\"article\" \/>\n<meta property=\"og:title\" content=\"Wohnmobile auf Teneriffa mieten - Go Caravan Canarias\" \/>\n<meta property=\"og:description\" content=\"Wohnmobile auf Teneriffa mieten \u2713 Die beste wohnmobile auf Teneriffa \u2713 Go Caravan Canarias \u2713 Besuchen Sie die Kanarischen Inseln mit Go Caravan Canarias\" \/>\n<meta property=\"og:url\" content=\"https:\/\/www.gocaravancanarias.com\/de\/wohnmobile-auf-teneriffa-mieten\/\" \/>\n<meta property=\"og:site_name\" content=\"Go Caravan Canarias\" \/>\n<meta property=\"article:publisher\" content=\"https:\/\/www.facebook.com\/people\/Kineled\/100067500994492\/\" \/>\n<meta property=\"article:modified_time\" content=\"2025-01-02T16:24:49+00:00\" \/>\n<meta property=\"og:image\" content=\"https:\/\/www.gocaravancanarias.com\/wp-content\/uploads\/2024\/12\/WhatsApp-Image-2024-12-09-at-17.13.49-4-1024x771.jpeg\" \/>\n<meta name=\"twitter:card\" content=\"summary_large_image\" \/>\n<meta name=\"twitter:site\" content=\"@Kineled\" \/>\n<script type=\"application\/ld+json\" class=\"yoast-schema-graph\">{\"@context\":\"https:\\\/\\\/schema.org\",\"@graph\":[{\"@type\":\"WebPage\",\"@id\":\"https:\\\/\\\/www.gocaravancanarias.com\\\/de\\\/wohnmobile-auf-teneriffa-mieten\\\/\",\"url\":\"https:\\\/\\\/www.gocaravancanarias.com\\\/de\\\/wohnmobile-auf-teneriffa-mieten\\\/\",\"name\":\"Wohnmobile auf Teneriffa mieten - Go Caravan Canarias\",\"isPartOf\":{\"@id\":\"https:\\\/\\\/www.gocaravancanarias.com\\\/#website\"},\"primaryImageOfPage\":{\"@id\":\"https:\\\/\\\/www.gocaravancanarias.com\\\/de\\\/wohnmobile-auf-teneriffa-mieten\\\/#primaryimage\"},\"image\":{\"@id\":\"https:\\\/\\\/www.gocaravancanarias.com\\\/de\\\/wohnmobile-auf-teneriffa-mieten\\\/#primaryimage\"},\"thumbnailUrl\":\"https:\\\/\\\/www.gocaravancanarias.com\\\/wp-content\\\/uploads\\\/2024\\\/12\\\/WhatsApp-Image-2024-12-09-at-17.13.49-4-1024x771.jpeg\",\"datePublished\":\"2024-12-10T11:55:43+00:00\",\"dateModified\":\"2025-01-02T16:24:49+00:00\",\"description\":\"Wohnmobile auf Teneriffa mieten \u2713 Die beste wohnmobile auf Teneriffa \u2713 Go Caravan Canarias \u2713 Besuchen Sie die Kanarischen Inseln mit Go Caravan Canarias\",\"breadcrumb\":{\"@id\":\"https:\\\/\\\/www.gocaravancanarias.com\\\/de\\\/wohnmobile-auf-teneriffa-mieten\\\/#breadcrumb\"},\"inLanguage\":\"de\",\"potentialAction\":[{\"@type\":\"ReadAction\",\"target\":[\"https:\\\/\\\/www.gocaravancanarias.com\\\/de\\\/wohnmobile-auf-teneriffa-mieten\\\/\"]}]},{\"@type\":\"ImageObject\",\"inLanguage\":\"de\",\"@id\":\"https:\\\/\\\/www.gocaravancanarias.com\\\/de\\\/wohnmobile-auf-teneriffa-mieten\\\/#primaryimage\",\"url\":\"https:\\\/\\\/www.gocaravancanarias.com\\\/wp-content\\\/uploads\\\/2024\\\/12\\\/WhatsApp-Image-2024-12-09-at-17.13.49-4-1024x771.jpeg\",\"contentUrl\":\"https:\\\/\\\/www.gocaravancanarias.com\\\/wp-content\\\/uploads\\\/2024\\\/12\\\/WhatsApp-Image-2024-12-09-at-17.13.49-4-1024x771.jpeg\"},{\"@type\":\"BreadcrumbList\",\"@id\":\"https:\\\/\\\/www.gocaravancanarias.com\\\/de\\\/wohnmobile-auf-teneriffa-mieten\\\/#breadcrumb\",\"itemListElement\":[{\"@type\":\"ListItem\",\"position\":1,\"name\":\"Portada\",\"item\":\"https:\\\/\\\/www.gocaravancanarias.com\\\/de\\\/\"},{\"@type\":\"ListItem\",\"position\":2,\"name\":\"Wohnmobile auf Teneriffa mieten\"}]},{\"@type\":\"WebSite\",\"@id\":\"https:\\\/\\\/www.gocaravancanarias.com\\\/#website\",\"url\":\"https:\\\/\\\/www.gocaravancanarias.com\\\/\",\"name\":\"Go Caravan Canarias\",\"description\":\"Alquiler de Autocaravanas y Campers\",\"publisher\":{\"@id\":\"https:\\\/\\\/www.gocaravancanarias.com\\\/#organization\"},\"potentialAction\":[{\"@type\":\"SearchAction\",\"target\":{\"@type\":\"EntryPoint\",\"urlTemplate\":\"https:\\\/\\\/www.gocaravancanarias.com\\\/?s={search_term_string}\"},\"query-input\":{\"@type\":\"PropertyValueSpecification\",\"valueRequired\":true,\"valueName\":\"search_term_string\"}}],\"inLanguage\":\"de\"},{\"@type\":\"Organization\",\"@id\":\"https:\\\/\\\/www.gocaravancanarias.com\\\/#organization\",\"name\":\"Kineled Pantallas publicitarias\",\"url\":\"https:\\\/\\\/www.gocaravancanarias.com\\\/\",\"logo\":{\"@type\":\"ImageObject\",\"inLanguage\":\"de\",\"@id\":\"https:\\\/\\\/www.gocaravancanarias.com\\\/#\\\/schema\\\/logo\\\/image\\\/\",\"url\":\"http:\\\/\\\/www.gocaravancanarias.com\\\/wp-content\\\/uploads\\\/2023\\\/02\\\/logo.png\",\"contentUrl\":\"http:\\\/\\\/www.gocaravancanarias.com\\\/wp-content\\\/uploads\\\/2023\\\/02\\\/logo.png\",\"width\":200,\"height\":80,\"caption\":\"Kineled Pantallas publicitarias\"},\"image\":{\"@id\":\"https:\\\/\\\/www.gocaravancanarias.com\\\/#\\\/schema\\\/logo\\\/image\\\/\"},\"sameAs\":[\"https:\\\/\\\/www.facebook.com\\\/people\\\/Kineled\\\/100067500994492\\\/\",\"https:\\\/\\\/x.com\\\/Kineled\",\"https:\\\/\\\/es.linkedin.com\\\/in\\\/kineled-displays-809b4267\"]}]}<\/script>\n<!-- \/ Yoast SEO plugin. -->","yoast_head_json":{"title":"Wohnmobile auf Teneriffa mieten - Go Caravan Canarias","description":"Wohnmobile auf Teneriffa mieten \u2713 Die beste wohnmobile auf Teneriffa \u2713 Go Caravan Canarias \u2713 Besuchen Sie die Kanarischen Inseln mit Go Caravan Canarias","robots":{"index":"index","follow":"follow","max-snippet":"max-snippet:-1","max-image-preview":"max-image-preview:large","max-video-preview":"max-video-preview:-1"},"canonical":"https:\/\/www.gocaravancanarias.com\/de\/wohnmobile-auf-teneriffa-mieten\/","og_locale":"de_DE","og_type":"article","og_title":"Wohnmobile auf Teneriffa mieten - Go Caravan Canarias","og_description":"Wohnmobile auf Teneriffa mieten \u2713 Die beste wohnmobile auf Teneriffa \u2713 Go Caravan Canarias \u2713 Besuchen Sie die Kanarischen Inseln mit Go Caravan Canarias","og_url":"https:\/\/www.gocaravancanarias.com\/de\/wohnmobile-auf-teneriffa-mieten\/","og_site_name":"Go Caravan Canarias","article_publisher":"https:\/\/www.facebook.com\/people\/Kineled\/100067500994492\/","article_modified_time":"2025-01-02T16:24:49+00:00","og_image":[{"url":"https:\/\/www.gocaravancanarias.com\/wp-content\/uploads\/2024\/12\/WhatsApp-Image-2024-12-09-at-17.13.49-4-1024x771.jpeg","type":"","width":"","height":""}],"twitter_card":"summary_large_image","twitter_site":"@Kineled","schema":{"@context":"https:\/\/schema.org","@graph":[{"@type":"WebPage","@id":"https:\/\/www.gocaravancanarias.com\/de\/wohnmobile-auf-teneriffa-mieten\/","url":"https:\/\/www.gocaravancanarias.com\/de\/wohnmobile-auf-teneriffa-mieten\/","name":"Wohnmobile auf Teneriffa mieten - Go Caravan Canarias","isPartOf":{"@id":"https:\/\/www.gocaravancanarias.com\/#website"},"primaryImageOfPage":{"@id":"https:\/\/www.gocaravancanarias.com\/de\/wohnmobile-auf-teneriffa-mieten\/#primaryimage"},"image":{"@id":"https:\/\/www.gocaravancanarias.com\/de\/wohnmobile-auf-teneriffa-mieten\/#primaryimage"},"thumbnailUrl":"https:\/\/www.gocaravancanarias.com\/wp-content\/uploads\/2024\/12\/WhatsApp-Image-2024-12-09-at-17.13.49-4-1024x771.jpeg","datePublished":"2024-12-10T11:55:43+00:00","dateModified":"2025-01-02T16:24:49+00:00","description":"Wohnmobile auf Teneriffa mieten \u2713 Die beste wohnmobile auf Teneriffa \u2713 Go Caravan Canarias \u2713 Besuchen Sie die Kanarischen Inseln mit Go Caravan Canarias","breadcrumb":{"@id":"https:\/\/www.gocaravancanarias.com\/de\/wohnmobile-auf-teneriffa-mieten\/#breadcrumb"},"inLanguage":"de","potentialAction":[{"@type":"ReadAction","target":["https:\/\/www.gocaravancanarias.com\/de\/wohnmobile-auf-teneriffa-mieten\/"]}]},{"@type":"ImageObject","inLanguage":"de","@id":"https:\/\/www.gocaravancanarias.com\/de\/wohnmobile-auf-teneriffa-mieten\/#primaryimage","url":"https:\/\/www.gocaravancanarias.com\/wp-content\/uploads\/2024\/12\/WhatsApp-Image-2024-12-09-at-17.13.49-4-1024x771.jpeg","contentUrl":"https:\/\/www.gocaravancanarias.com\/wp-content\/uploads\/2024\/12\/WhatsApp-Image-2024-12-09-at-17.13.49-4-1024x771.jpeg"},{"@type":"BreadcrumbList","@id":"https:\/\/www.gocaravancanarias.com\/de\/wohnmobile-auf-teneriffa-mieten\/#breadcrumb","itemListElement":[{"@type":"ListItem","position":1,"name":"Portada","item":"https:\/\/www.gocaravancanarias.com\/de\/"},{"@type":"ListItem","position":2,"name":"Wohnmobile auf Teneriffa mieten"}]},{"@type":"WebSite","@id":"https:\/\/www.gocaravancanarias.com\/#website","url":"https:\/\/www.gocaravancanarias.com\/","name":"Go Caravan Canarias","description":"Alquiler de Autocaravanas y Campers","publisher":{"@id":"https:\/\/www.gocaravancanarias.com\/#organization"},"potentialAction":[{"@type":"SearchAction","target":{"@type":"EntryPoint","urlTemplate":"https:\/\/www.gocaravancanarias.com\/?s={search_term_string}"},"query-input":{"@type":"PropertyValueSpecification","valueRequired":true,"valueName":"search_term_string"}}],"inLanguage":"de"},{"@type":"Organization","@id":"https:\/\/www.gocaravancanarias.com\/#organization","name":"Kineled Pantallas publicitarias","url":"https:\/\/www.gocaravancanarias.com\/","logo":{"@type":"ImageObject","inLanguage":"de","@id":"https:\/\/www.gocaravancanarias.com\/#\/schema\/logo\/image\/","url":"http:\/\/www.gocaravancanarias.com\/wp-content\/uploads\/2023\/02\/logo.png","contentUrl":"http:\/\/www.gocaravancanarias.com\/wp-content\/uploads\/2023\/02\/logo.png","width":200,"height":80,"caption":"Kineled Pantallas publicitarias"},"image":{"@id":"https:\/\/www.gocaravancanarias.com\/#\/schema\/logo\/image\/"},"sameAs":["https:\/\/www.facebook.com\/people\/Kineled\/100067500994492\/","https:\/\/x.com\/Kineled","https:\/\/es.linkedin.com\/in\/kineled-displays-809b4267"]}]}},"_links":{"self":[{"href":"https:\/\/www.gocaravancanarias.com\/de\/wp-json\/wp\/v2\/pages\/14974","targetHints":{"allow":["GET"]}}],"collection":[{"href":"https:\/\/www.gocaravancanarias.com\/de\/wp-json\/wp\/v2\/pages"}],"about":[{"href":"https:\/\/www.gocaravancanarias.com\/de\/wp-json\/wp\/v2\/types\/page"}],"author":[{"embeddable":true,"href":"https:\/\/www.gocaravancanarias.com\/de\/wp-json\/wp\/v2\/users\/7"}],"replies":[{"embeddable":true,"href":"https:\/\/www.gocaravancanarias.com\/de\/wp-json\/wp\/v2\/comments?post=14974"}],"version-history":[{"count":0,"href":"https:\/\/www.gocaravancanarias.com\/de\/wp-json\/wp\/v2\/pages\/14974\/revisions"}],"wp:attachment":[{"href":"https:\/\/www.gocaravancanarias.com\/de\/wp-json\/wp\/v2\/media?parent=14974"}],"curies":[{"name":"wp","href":"https:\/\/api.w.org\/{rel}","templated":true}]}}