{"id":14953,"date":"2024-12-10T11:49:38","date_gmt":"2024-12-10T10:49:38","guid":{"rendered":"https:\/\/www.gocaravancanarias.com\/?page_id=14953"},"modified":"2025-01-02T17:23:28","modified_gmt":"2025-01-02T16:23:28","slug":"location-de-campig-car-aux-canaries","status":"publish","type":"page","link":"https:\/\/www.gocaravancanarias.com\/fr\/location-de-campig-car-aux-canaries\/","title":{"rendered":"Location de camping-cars aux Canaries"},"content":{"rendered":"<p><span style=\"font-weight: 400;\">Les \u00eeles Canaries sont une destination fascinante. Ses paysages aux couleurs changeantes, ses villages o\u00f9 de nombreuses traditions anciennes sont encore pr\u00e9serv\u00e9es, ses villes pleines de calme, ses plages, sa nourriture, ses montagnes \u00e0 perte de vue&#8230;. C&rsquo;est le paradis, n&rsquo;est-ce pas ? Et il n&rsquo;y a pas de meilleure fa\u00e7on de d\u00e9couvrir toute cette beaut\u00e9 qu&rsquo;avec votre propre mobil-home. Si vous souhaitez acc\u00e9der au meilleur service de location de camping-cars aux \u00eeles Canaries, contactez <\/span><a href=\"https:\/\/www.gocaravancanarias.com\/en\/\"><b>Go Caravan Canarias<\/b><\/a><span style=\"font-weight: 400;\"> d\u00e8s maintenant. Nous sommes l&rsquo;une des entreprises leaders sur le march\u00e9 qui vous offre des v\u00e9hicules fabriqu\u00e9s par les meilleures marques.<\/span><\/p>\n<p><span style=\"font-weight: 400;\">Chez Go Caravan Canarias, une chose est claire : nous vous offrons la meilleure qualit\u00e9 dans tous nos services. C&rsquo;est pourquoi nous disposons d&rsquo;une large gamme de camping-cars \u00e0 louer, \u00e9quip\u00e9s de tout ce dont vous avez besoin pour vivre une exp\u00e9rience magique. Bien que nos v\u00e9hicules soient lou\u00e9s, ils sont en parfait \u00e9tat et sont contr\u00f4l\u00e9s par une \u00e9quipe technique. De plus, ils sont tous \u00e9quip\u00e9s de la meilleure technologie et vous garantissent une exp\u00e9rience s\u00fbre sur la route.<\/span><\/p>\n<p><span style=\"font-weight: 400;\">Vous voulez en savoir plus ? Contactez-nous (<\/span><a href=\"tel: +34 643 774 138\"><span style=\"font-weight: 400;\">+34 643 774 138<\/span><\/a><span style=\"font-weight: 400;\"> ou <\/span><a href=\"mailto:gestion@gocaravancanarias.com\"><span style=\"font-weight: 400;\">gestion@gocaravancanarias.com<\/span><\/a><span style=\"font-weight: 400;\">) et d\u00e9couvrez pourquoi le caravaning est \u00e0 la mode. Nous vous offrons les meilleurs services et la meilleure attention personnalis\u00e9e. Le bien-\u00eatre de nos clients est notre priorit\u00e9 et nous vous offrons toute l&rsquo;aide dont vous avez besoin. Notre longue exp\u00e9rience dans le secteur nous permet de r\u00e9pondre aux demandes de nos clients internationaux. Appelez-nous, vous ne le regretterez pas !<\/span><\/p>\n<p>&nbsp;<\/p>\n<p><img loading=\"lazy\" decoding=\"async\" class=\"alignnone wp-image-14954 \" src=\"https:\/\/www.gocaravancanarias.com\/wp-content\/uploads\/2024\/12\/WhatsApp-Image-2024-12-09-at-17.13.49-3-1024x771.jpeg\" alt=\"Location de camping-cars aux Canaries Go Caravan Canarias\" width=\"549\" height=\"413\" \/><\/p>\n<p>&nbsp;<\/p>\n<h2>Pourquoi louer un camping-car aux Canaries avec Go Caravan Canarias?<\/h2>\n<p><span style=\"font-weight: 400;\">Vous ne connaissez toujours pas les avantages de louer un camping-car aux Canaries avec nous? Nous vous les pr\u00e9sentons ici :<\/span><\/p>\n<ul>\n<li style=\"font-weight: 400;\" aria-level=\"1\"><span style=\"font-weight: 400;\">Le meilleur prix garanti : Nous vous proposons des tarifs flexibles et des prix imbattables pour que vous puissiez voyager de mani\u00e8re \u00e9conomique.<\/span><\/li>\n<li style=\"font-weight: 400;\" aria-level=\"1\"><span style=\"font-weight: 400;\">Des camping-cars fabriqu\u00e9s par les meilleures marques : L&rsquo;un de nos fabricants vedettes est Giottiline, connu pour la fabrication de v\u00e9hicules de derni\u00e8re g\u00e9n\u00e9ration.<\/span><\/li>\n<li style=\"font-weight: 400;\" aria-level=\"1\"><span style=\"font-weight: 400;\">La meilleure attention personnalis\u00e9e : Nous aimons vous aider et vous conseiller sur tout ce dont vous avez besoin.<\/span><\/li>\n<li style=\"font-weight: 400;\" aria-level=\"1\"><span style=\"font-weight: 400;\">Des v\u00e9hicules con\u00e7us pour vous : Tous nos camping-cars ont un design exclusif dans lequel vous vous sentirez comme chez vous.<\/span><\/li>\n<li style=\"font-weight: 400;\" aria-level=\"1\"><span style=\"font-weight: 400;\">Des recommandations quand vous le souhaitez : Vous ne savez pas par o\u00f9 commencer votre voyage ? Nous sommes l\u00e0 pour vous aider!<\/span><\/li>\n<\/ul>\n<h3>Un vaste catalogue de camping-cars \u00e0 louer aux \u00eeles Canaries<\/h3>\n<p><span style=\"font-weight: 400;\">La large gamme de camping-cars que nous proposons est parfaite pour voyager seul, en couple, en famille ou entre amis. Nos v\u00e9hicules sont livr\u00e9s en parfait \u00e9tat et disposent de tout le confort n\u00e9cessaire pour profiter au maximum de votre voyage. Ils sont \u00e9quip\u00e9s d&rsquo;une cuisine, d&rsquo;une salle de bain, d&rsquo;une douche, de lits et d&rsquo;un salon et offrent un espace de stockage suppl\u00e9mentaire.<\/span><\/p>\n<h3><\/h3>\n<h3>Les meilleures conditions pour la location de mobil-homes aux Canaries<\/h3>\n<p><span style=\"font-weight: 400;\">Si vous cherchez une entreprise qui vous garantisse les meilleures conditions de location de camping-cars aux Canaries, nous sommes votre meilleur choix. Nous vous donnons jusqu&rsquo;\u00e0 30 jours pour annuler votre r\u00e9servation avec un remboursement complet du paiement et une assurance compl\u00e8te est incluse dans le prix total de votre camping-car.<\/span><\/p>\n<p>&nbsp;<\/p>\n<h2>Louer un camping-car \u00e0 l&rsquo;a\u00e9roport des Canaries<\/h2>\n<p><span style=\"font-weight: 400;\">\u00a0<\/span><span style=\"font-weight: 400;\">Sur notre site officiel, vous trouverez un service sp\u00e9cial de livraison de camping-cars \u00e0 l&rsquo;a\u00e9roport de Tenerife, afin que vous n&rsquo;ayez pas \u00e0 vous d\u00e9placer jusqu&rsquo;\u00e0 nos installations. Nous offrons \u00e9galement ce service au port ou \u00e0 la gare routi\u00e8re de Tenerife.<\/span><\/p>\n<p>&nbsp;<\/p>\n<h2>Avec Go Caravan Canarias, louez un mobile home au meilleur prix dans les \u00eeles Canaries<\/h2>\n<p><span style=\"font-weight: 400;\">Faites vos valises, votre voyage \u00e0 Tenerife est arriv\u00e9 ! Louez votre mobil-home au meilleur prix et profitez d&rsquo;un voyage unique autour des \u00eeles Canaries. Nous vous offrons les meilleures conditions de location et les meilleurs prix. De plus, vous pouvez toujours compter sur notre aide. R\u00e9servez votre camping-car avec Go Caravan Canarias et vivez une aventure unique.<\/span><\/p>\n<p><iframe loading=\"lazy\" style=\"border: 0;\" src=\"https:\/\/www.google.com\/maps\/embed?pb=!1m18!1m12!1m3!1d3593225.8007584177!2d-18.49441014279991!3d28.418968060807682!2m3!1f0!2f0!3f0!3m2!1i1024!2i768!4f13.1!3m3!1m2!1s0xc41aa86ef755363%3A0x10340f3be4bc8c0!2sCanarias!5e0!3m2!1ses!2ses!4v1735821504935!5m2!1ses!2ses\" width=\"\u201c100%\u201d\" height=\"450\" allowfullscreen=\"allowfullscreen\"><\/iframe><\/p>\n","protected":false},"excerpt":{"rendered":"<p>Les \u00eeles Canaries sont une destination fascinante. Ses paysages aux couleurs changeantes, ses villages o\u00f9 de nombreuses traditions anciennes sont encore pr\u00e9serv\u00e9es, ses villes pleines de calme, ses plages, sa nourriture, ses montagnes \u00e0 perte de vue&#8230;. C&rsquo;est le paradis, n&rsquo;est-ce pas ? Et il n&rsquo;y a pas de meilleure fa\u00e7on de d\u00e9couvrir toute cette [&hellip;]<\/p>\n","protected":false},"author":7,"featured_media":0,"parent":0,"menu_order":0,"comment_status":"closed","ping_status":"closed","template":"","meta":{"_et_pb_use_builder":"","_et_pb_old_content":"","_et_gb_content_width":"","_joinchat":[],"footnotes":""},"class_list":["post-14953","page","type-page","status-publish","hentry"],"yoast_head":"<!-- This site is optimized with the Yoast SEO plugin v27.3 - https:\/\/yoast.com\/product\/yoast-seo-wordpress\/ -->\n<title>Location de camping-cars aux Canaries - Go Caravan Canarias<\/title>\n<meta name=\"description\" content=\"Location de camping-car aux Canaries \u2713 Le meilleur service de location de RV&#039;s \u00e0 Canaries \u2713 Go Caravan Canarias \u2713 Visiter les \u00eeles Canaries avec Go Caravan Canarias\" \/>\n<meta name=\"robots\" content=\"index, follow, max-snippet:-1, max-image-preview:large, max-video-preview:-1\" \/>\n<link rel=\"canonical\" href=\"https:\/\/www.gocaravancanarias.com\/fr\/location-de-campig-car-aux-canaries\/\" \/>\n<meta property=\"og:locale\" content=\"fr_FR\" \/>\n<meta property=\"og:type\" content=\"article\" \/>\n<meta property=\"og:title\" content=\"Location de camping-cars aux Canaries - Go Caravan Canarias\" \/>\n<meta property=\"og:description\" content=\"Location de camping-car aux Canaries \u2713 Le meilleur service de location de RV&#039;s \u00e0 Canaries \u2713 Go Caravan Canarias \u2713 Visiter les \u00eeles Canaries avec Go Caravan Canarias\" \/>\n<meta property=\"og:url\" content=\"https:\/\/www.gocaravancanarias.com\/fr\/location-de-campig-car-aux-canaries\/\" \/>\n<meta property=\"og:site_name\" content=\"Go Caravan Canarias\" \/>\n<meta property=\"article:publisher\" content=\"https:\/\/www.facebook.com\/people\/Kineled\/100067500994492\/\" \/>\n<meta property=\"article:modified_time\" content=\"2025-01-02T16:23:28+00:00\" \/>\n<meta property=\"og:image\" content=\"https:\/\/www.gocaravancanarias.com\/wp-content\/uploads\/2024\/12\/WhatsApp-Image-2024-12-09-at-17.13.49-3-1024x771.jpeg\" \/>\n<meta name=\"twitter:card\" content=\"summary_large_image\" \/>\n<meta name=\"twitter:site\" content=\"@Kineled\" \/>\n<script type=\"application\/ld+json\" class=\"yoast-schema-graph\">{\"@context\":\"https:\\\/\\\/schema.org\",\"@graph\":[{\"@type\":\"WebPage\",\"@id\":\"https:\\\/\\\/www.gocaravancanarias.com\\\/fr\\\/location-de-campig-car-aux-canaries\\\/\",\"url\":\"https:\\\/\\\/www.gocaravancanarias.com\\\/fr\\\/location-de-campig-car-aux-canaries\\\/\",\"name\":\"Location de camping-cars aux Canaries - Go Caravan Canarias\",\"isPartOf\":{\"@id\":\"https:\\\/\\\/www.gocaravancanarias.com\\\/#website\"},\"primaryImageOfPage\":{\"@id\":\"https:\\\/\\\/www.gocaravancanarias.com\\\/fr\\\/location-de-campig-car-aux-canaries\\\/#primaryimage\"},\"image\":{\"@id\":\"https:\\\/\\\/www.gocaravancanarias.com\\\/fr\\\/location-de-campig-car-aux-canaries\\\/#primaryimage\"},\"thumbnailUrl\":\"https:\\\/\\\/www.gocaravancanarias.com\\\/wp-content\\\/uploads\\\/2024\\\/12\\\/WhatsApp-Image-2024-12-09-at-17.13.49-3-1024x771.jpeg\",\"datePublished\":\"2024-12-10T10:49:38+00:00\",\"dateModified\":\"2025-01-02T16:23:28+00:00\",\"description\":\"Location de camping-car aux Canaries \u2713 Le meilleur service de location de RV's \u00e0 Canaries \u2713 Go Caravan Canarias \u2713 Visiter les \u00eeles Canaries avec Go Caravan Canarias\",\"breadcrumb\":{\"@id\":\"https:\\\/\\\/www.gocaravancanarias.com\\\/fr\\\/location-de-campig-car-aux-canaries\\\/#breadcrumb\"},\"inLanguage\":\"fr-FR\",\"potentialAction\":[{\"@type\":\"ReadAction\",\"target\":[\"https:\\\/\\\/www.gocaravancanarias.com\\\/fr\\\/location-de-campig-car-aux-canaries\\\/\"]}]},{\"@type\":\"ImageObject\",\"inLanguage\":\"fr-FR\",\"@id\":\"https:\\\/\\\/www.gocaravancanarias.com\\\/fr\\\/location-de-campig-car-aux-canaries\\\/#primaryimage\",\"url\":\"https:\\\/\\\/www.gocaravancanarias.com\\\/wp-content\\\/uploads\\\/2024\\\/12\\\/WhatsApp-Image-2024-12-09-at-17.13.49-3-1024x771.jpeg\",\"contentUrl\":\"https:\\\/\\\/www.gocaravancanarias.com\\\/wp-content\\\/uploads\\\/2024\\\/12\\\/WhatsApp-Image-2024-12-09-at-17.13.49-3-1024x771.jpeg\"},{\"@type\":\"BreadcrumbList\",\"@id\":\"https:\\\/\\\/www.gocaravancanarias.com\\\/fr\\\/location-de-campig-car-aux-canaries\\\/#breadcrumb\",\"itemListElement\":[{\"@type\":\"ListItem\",\"position\":1,\"name\":\"Portada\",\"item\":\"https:\\\/\\\/www.gocaravancanarias.com\\\/\"},{\"@type\":\"ListItem\",\"position\":2,\"name\":\"Location de camping-cars aux Canaries\"}]},{\"@type\":\"WebSite\",\"@id\":\"https:\\\/\\\/www.gocaravancanarias.com\\\/#website\",\"url\":\"https:\\\/\\\/www.gocaravancanarias.com\\\/\",\"name\":\"Go Caravan Canarias\",\"description\":\"Alquiler de Autocaravanas y Campers\",\"publisher\":{\"@id\":\"https:\\\/\\\/www.gocaravancanarias.com\\\/#organization\"},\"potentialAction\":[{\"@type\":\"SearchAction\",\"target\":{\"@type\":\"EntryPoint\",\"urlTemplate\":\"https:\\\/\\\/www.gocaravancanarias.com\\\/?s={search_term_string}\"},\"query-input\":{\"@type\":\"PropertyValueSpecification\",\"valueRequired\":true,\"valueName\":\"search_term_string\"}}],\"inLanguage\":\"fr-FR\"},{\"@type\":\"Organization\",\"@id\":\"https:\\\/\\\/www.gocaravancanarias.com\\\/#organization\",\"name\":\"Kineled Pantallas publicitarias\",\"url\":\"https:\\\/\\\/www.gocaravancanarias.com\\\/\",\"logo\":{\"@type\":\"ImageObject\",\"inLanguage\":\"fr-FR\",\"@id\":\"https:\\\/\\\/www.gocaravancanarias.com\\\/#\\\/schema\\\/logo\\\/image\\\/\",\"url\":\"http:\\\/\\\/www.gocaravancanarias.com\\\/wp-content\\\/uploads\\\/2023\\\/02\\\/logo.png\",\"contentUrl\":\"http:\\\/\\\/www.gocaravancanarias.com\\\/wp-content\\\/uploads\\\/2023\\\/02\\\/logo.png\",\"width\":200,\"height\":80,\"caption\":\"Kineled Pantallas publicitarias\"},\"image\":{\"@id\":\"https:\\\/\\\/www.gocaravancanarias.com\\\/#\\\/schema\\\/logo\\\/image\\\/\"},\"sameAs\":[\"https:\\\/\\\/www.facebook.com\\\/people\\\/Kineled\\\/100067500994492\\\/\",\"https:\\\/\\\/x.com\\\/Kineled\",\"https:\\\/\\\/es.linkedin.com\\\/in\\\/kineled-displays-809b4267\"]}]}<\/script>\n<!-- \/ Yoast SEO plugin. -->","yoast_head_json":{"title":"Location de camping-cars aux Canaries - Go Caravan Canarias","description":"Location de camping-car aux Canaries \u2713 Le meilleur service de location de RV's \u00e0 Canaries \u2713 Go Caravan Canarias \u2713 Visiter les \u00eeles Canaries avec Go Caravan Canarias","robots":{"index":"index","follow":"follow","max-snippet":"max-snippet:-1","max-image-preview":"max-image-preview:large","max-video-preview":"max-video-preview:-1"},"canonical":"https:\/\/www.gocaravancanarias.com\/fr\/location-de-campig-car-aux-canaries\/","og_locale":"fr_FR","og_type":"article","og_title":"Location de camping-cars aux Canaries - Go Caravan Canarias","og_description":"Location de camping-car aux Canaries \u2713 Le meilleur service de location de RV's \u00e0 Canaries \u2713 Go Caravan Canarias \u2713 Visiter les \u00eeles Canaries avec Go Caravan Canarias","og_url":"https:\/\/www.gocaravancanarias.com\/fr\/location-de-campig-car-aux-canaries\/","og_site_name":"Go Caravan Canarias","article_publisher":"https:\/\/www.facebook.com\/people\/Kineled\/100067500994492\/","article_modified_time":"2025-01-02T16:23:28+00:00","og_image":[{"url":"https:\/\/www.gocaravancanarias.com\/wp-content\/uploads\/2024\/12\/WhatsApp-Image-2024-12-09-at-17.13.49-3-1024x771.jpeg","type":"","width":"","height":""}],"twitter_card":"summary_large_image","twitter_site":"@Kineled","schema":{"@context":"https:\/\/schema.org","@graph":[{"@type":"WebPage","@id":"https:\/\/www.gocaravancanarias.com\/fr\/location-de-campig-car-aux-canaries\/","url":"https:\/\/www.gocaravancanarias.com\/fr\/location-de-campig-car-aux-canaries\/","name":"Location de camping-cars aux Canaries - Go Caravan Canarias","isPartOf":{"@id":"https:\/\/www.gocaravancanarias.com\/#website"},"primaryImageOfPage":{"@id":"https:\/\/www.gocaravancanarias.com\/fr\/location-de-campig-car-aux-canaries\/#primaryimage"},"image":{"@id":"https:\/\/www.gocaravancanarias.com\/fr\/location-de-campig-car-aux-canaries\/#primaryimage"},"thumbnailUrl":"https:\/\/www.gocaravancanarias.com\/wp-content\/uploads\/2024\/12\/WhatsApp-Image-2024-12-09-at-17.13.49-3-1024x771.jpeg","datePublished":"2024-12-10T10:49:38+00:00","dateModified":"2025-01-02T16:23:28+00:00","description":"Location de camping-car aux Canaries \u2713 Le meilleur service de location de RV's \u00e0 Canaries \u2713 Go Caravan Canarias \u2713 Visiter les \u00eeles Canaries avec Go Caravan Canarias","breadcrumb":{"@id":"https:\/\/www.gocaravancanarias.com\/fr\/location-de-campig-car-aux-canaries\/#breadcrumb"},"inLanguage":"fr-FR","potentialAction":[{"@type":"ReadAction","target":["https:\/\/www.gocaravancanarias.com\/fr\/location-de-campig-car-aux-canaries\/"]}]},{"@type":"ImageObject","inLanguage":"fr-FR","@id":"https:\/\/www.gocaravancanarias.com\/fr\/location-de-campig-car-aux-canaries\/#primaryimage","url":"https:\/\/www.gocaravancanarias.com\/wp-content\/uploads\/2024\/12\/WhatsApp-Image-2024-12-09-at-17.13.49-3-1024x771.jpeg","contentUrl":"https:\/\/www.gocaravancanarias.com\/wp-content\/uploads\/2024\/12\/WhatsApp-Image-2024-12-09-at-17.13.49-3-1024x771.jpeg"},{"@type":"BreadcrumbList","@id":"https:\/\/www.gocaravancanarias.com\/fr\/location-de-campig-car-aux-canaries\/#breadcrumb","itemListElement":[{"@type":"ListItem","position":1,"name":"Portada","item":"https:\/\/www.gocaravancanarias.com\/"},{"@type":"ListItem","position":2,"name":"Location de camping-cars aux Canaries"}]},{"@type":"WebSite","@id":"https:\/\/www.gocaravancanarias.com\/#website","url":"https:\/\/www.gocaravancanarias.com\/","name":"Go Caravan Canarias","description":"Alquiler de Autocaravanas y Campers","publisher":{"@id":"https:\/\/www.gocaravancanarias.com\/#organization"},"potentialAction":[{"@type":"SearchAction","target":{"@type":"EntryPoint","urlTemplate":"https:\/\/www.gocaravancanarias.com\/?s={search_term_string}"},"query-input":{"@type":"PropertyValueSpecification","valueRequired":true,"valueName":"search_term_string"}}],"inLanguage":"fr-FR"},{"@type":"Organization","@id":"https:\/\/www.gocaravancanarias.com\/#organization","name":"Kineled Pantallas publicitarias","url":"https:\/\/www.gocaravancanarias.com\/","logo":{"@type":"ImageObject","inLanguage":"fr-FR","@id":"https:\/\/www.gocaravancanarias.com\/#\/schema\/logo\/image\/","url":"http:\/\/www.gocaravancanarias.com\/wp-content\/uploads\/2023\/02\/logo.png","contentUrl":"http:\/\/www.gocaravancanarias.com\/wp-content\/uploads\/2023\/02\/logo.png","width":200,"height":80,"caption":"Kineled Pantallas publicitarias"},"image":{"@id":"https:\/\/www.gocaravancanarias.com\/#\/schema\/logo\/image\/"},"sameAs":["https:\/\/www.facebook.com\/people\/Kineled\/100067500994492\/","https:\/\/x.com\/Kineled","https:\/\/es.linkedin.com\/in\/kineled-displays-809b4267"]}]}},"_links":{"self":[{"href":"https:\/\/www.gocaravancanarias.com\/fr\/wp-json\/wp\/v2\/pages\/14953","targetHints":{"allow":["GET"]}}],"collection":[{"href":"https:\/\/www.gocaravancanarias.com\/fr\/wp-json\/wp\/v2\/pages"}],"about":[{"href":"https:\/\/www.gocaravancanarias.com\/fr\/wp-json\/wp\/v2\/types\/page"}],"author":[{"embeddable":true,"href":"https:\/\/www.gocaravancanarias.com\/fr\/wp-json\/wp\/v2\/users\/7"}],"replies":[{"embeddable":true,"href":"https:\/\/www.gocaravancanarias.com\/fr\/wp-json\/wp\/v2\/comments?post=14953"}],"version-history":[{"count":0,"href":"https:\/\/www.gocaravancanarias.com\/fr\/wp-json\/wp\/v2\/pages\/14953\/revisions"}],"wp:attachment":[{"href":"https:\/\/www.gocaravancanarias.com\/fr\/wp-json\/wp\/v2\/media?parent=14953"}],"curies":[{"name":"wp","href":"https:\/\/api.w.org\/{rel}","templated":true}]}}