{"id":14996,"date":"2024-12-10T13:50:54","date_gmt":"2024-12-10T12:50:54","guid":{"rendered":"https:\/\/www.gocaravancanarias.com\/?page_id=14996"},"modified":"2025-01-02T17:26:10","modified_gmt":"2025-01-02T16:26:10","slug":"noleggio-camper-alle-isole-canarie","status":"publish","type":"page","link":"https:\/\/www.gocaravancanarias.com\/it\/noleggio-camper-alle-isole-canarie\/","title":{"rendered":"Noleggio camper alle Isole Canarie"},"content":{"rendered":"<p><span style=\"font-weight: 400;\">Come immaginate la vostra fuga alle Isole Canarie? Noi di <\/span><a href=\"https:\/\/www.gocaravancanarias.com\/it\/\"><b>Go Caravan Canarias<\/b><\/a><span style=\"font-weight: 400;\"> abbiamo tutti gli ingredienti per rendere il vostro viaggio un&#8217;esperienza indimenticabile che vorrete ripetere pi\u00f9 volte. Volete sapere come? Non c&#8217;\u00e8 modo migliore per conoscere una destinazione che viaggiare su strada, con la libert\u00e0 di fermarsi quando si vuole e di modificare l&#8217;itinerario. In questo senso, Go Caravan Canarias \u00e8 una delle aziende leader nel noleggio di camper nelle Isole Canarie, che vi offre un&#8217;ampia gamma di camper a prezzi imbattibili.<\/span><\/p>\n<p><span style=\"font-weight: 400;\">Anche se i nostri uffici si trovano a Tenerife, serviamo clienti da tutta la Spagna e dall&#8217;Europa. Basta visitare il nostro sito web ufficiale e sfogliare tutti i modelli che offriamo. I nostri camper sono perfetti per le fughe di coppia e per le piccole famiglie che vogliono godersi una vacanza in una destinazione meravigliosa come le Isole Canarie. Tutti i nostri veicoli sono completamente equipaggiati e in perfette condizioni.<\/span><\/p>\n<p><span style=\"font-weight: 400;\">Se siete interessati a conoscerci meglio, contattateci (<\/span><a href=\"tel:+34 643 774 138\"><span style=\"font-weight: 400;\">+34 643 774 138<\/span><\/a><span style=\"font-weight: 400;\"> o <\/span><a href=\"mailto:gestion@gocaravancanarias.com\"><span style=\"font-weight: 400;\">gestion@gocaravancanarias.com<\/span><\/a><span style=\"font-weight: 400;\">). Vi aiuteremo in tutto ci\u00f2 di cui avete bisogno e risolveremo tutti i vostri dubbi. Ci piace trattare i nostri clienti in modo personalizzato e vogliamo che siano soddisfatti della loro esperienza di noleggio.<\/span><\/p>\n<p>&nbsp;<\/p>\n<p><img loading=\"lazy\" decoding=\"async\" class=\"alignnone wp-image-14997 \" src=\"https:\/\/www.gocaravancanarias.com\/wp-content\/uploads\/2024\/12\/WhatsApp-Image-2024-12-09-at-17.13.57-6-1024x766.jpeg\" alt=\"Noleggio camper alle Isole Canarie\" width=\"580\" height=\"434\" \/><\/p>\n<p>&nbsp;<\/p>\n<h2><span style=\"font-weight: 400;\">Go Caravan Canarias, il miglior servizio di noleggio camper delle Isole Canarie<\/span><\/h2>\n<p>&nbsp;<\/p>\n<h3><span style=\"font-weight: 400;\">Questo \u00e8 il miglior catalogo di camper a noleggio nelle Isole Canarie<\/span><\/h3>\n<p><span style=\"font-weight: 400;\">Se decidete di avvalervi dei servizi di Go Caravan Canarias, noleggerete un camper in perfette condizioni e dotato dei migliori comfort. I nostri veicoli sono progettati in modo che possiate godere del massimo comfort durante i vostri viaggi e del massimo spazio, sar\u00e0 come se viveste a casa vostra! I nostri camper sono dotati di letti, bagno, doccia, cucina e una piccola sala di riposo. Sono inoltre dotati dei migliori sistemi di sicurezza.<\/span><\/p>\n<h3><\/h3>\n<h3><span style=\"font-weight: 400;\">Noleggiare camper nelle Isole Canarie ai migliori prezzi<\/span><\/h3>\n<p><span style=\"font-weight: 400;\">Noi di Go Caravan Canarias crediamo che non dobbiate preoccuparvi del vostro budget. Per questo motivo, i nostri prezzi sono adeguati e adattati alle vostre tasche. Garantiamo tariffe basse e flessibilit\u00e0 di pagamento. Inoltre, abbiamo una politica di cancellazione flessibile che prevede il rimborso del 100% dell&#8217;importo iniziale in caso di cancellazione entro 30 giorni dall&#8217;inizio del viaggio.<\/span><\/p>\n<p>&nbsp;<\/p>\n<h2><span style=\"font-weight: 400;\">Prenota il tuo camper all&#8217;aeroporto delle Canarie<\/span><\/h2>\n<p><span style=\"font-weight: 400;\">Un altro dei servizi di punta che offriamo nella nostra azienda \u00e8 la possibilit\u00e0 di ritirare il vostro camper direttamente all&#8217;aeroporto. In questo modo non perderete tempo e potrete godervi la vostra casa su ruote fin dal primo momento. Forniamo lo stesso servizio anche se arrivate in barca. Se volete saperne di pi\u00f9, contattateci.<\/span><\/p>\n<p>&nbsp;<\/p>\n<h2><span style=\"font-weight: 400;\">Noleggiare un camper nelle Isole Canarie \u00e8 facile con Go Caravan Canarias<\/span><\/h2>\n<p><span style=\"font-weight: 400;\">State per scoprire le Isole Canarie! Una destinazione che vi affasciner\u00e0 con i suoi bellissimi paesaggi, i suoi villaggi, la sua gastronomia e le sue spiagge di sabbia nera. Approfittate della vostra avventura con Go Caravan Canarias e noleggiate un camper al miglior prezzo. Inoltre, godrete della migliore attenzione personalizzata e avrete accesso a una flotta di veicoli in condizioni praticamente nuove.<\/span><\/p>\n<p><iframe src=\"https:\/\/www.google.com\/maps\/embed?pb=!1m18!1m12!1m3!1d3593225.8007584177!2d-18.49441014279991!3d28.418968060807682!2m3!1f0!2f0!3f0!3m2!1i1024!2i768!4f13.1!3m3!1m2!1s0xc41aa86ef755363%3A0x10340f3be4bc8c0!2sCanarias!5e0!3m2!1ses!2ses!4v1735821504935!5m2!1ses!2ses\" width=\u201c100%\u201d height=\"450\" style=\"border:0;\" allowfullscreen=\"\" loading=\"lazy\" referrerpolicy=\"no-referrer-when-downgrade\"><\/iframe><\/p>\n","protected":false},"excerpt":{"rendered":"<p>Come immaginate la vostra fuga alle Isole Canarie? Noi di Go Caravan Canarias abbiamo tutti gli ingredienti per rendere il vostro viaggio un&#8217;esperienza indimenticabile che vorrete ripetere pi\u00f9 volte. Volete sapere come? Non c&#8217;\u00e8 modo migliore per conoscere una destinazione che viaggiare su strada, con la libert\u00e0 di fermarsi quando si vuole e di modificare [&hellip;]<\/p>\n","protected":false},"author":7,"featured_media":0,"parent":0,"menu_order":0,"comment_status":"closed","ping_status":"closed","template":"","meta":{"_et_pb_use_builder":"","_et_pb_old_content":"","_et_gb_content_width":"","_joinchat":[],"footnotes":""},"class_list":["post-14996","page","type-page","status-publish","hentry"],"yoast_head":"<!-- This site is optimized with the Yoast SEO plugin v27.3 - https:\/\/yoast.com\/product\/yoast-seo-wordpress\/ -->\n<title>Noleggio camper alle Isole Canarie - Go Caravan Canarias<\/title>\n<meta name=\"description\" content=\"Noleggio camper alle Isole Canarie \u2713 Il miglior servizio di noleggio camper alle Isole Canarie\u2713 Go Caravan Canarias\" \/>\n<meta name=\"robots\" content=\"index, follow, max-snippet:-1, max-image-preview:large, max-video-preview:-1\" \/>\n<link rel=\"canonical\" href=\"https:\/\/www.gocaravancanarias.com\/it\/noleggio-camper-alle-isole-canarie\/\" \/>\n<meta property=\"og:locale\" content=\"it_IT\" \/>\n<meta property=\"og:type\" content=\"article\" \/>\n<meta property=\"og:title\" content=\"Noleggio camper alle Isole Canarie - Go Caravan Canarias\" \/>\n<meta property=\"og:description\" content=\"Noleggio camper alle Isole Canarie \u2713 Il miglior servizio di noleggio camper alle Isole Canarie\u2713 Go Caravan Canarias\" \/>\n<meta property=\"og:url\" content=\"https:\/\/www.gocaravancanarias.com\/it\/noleggio-camper-alle-isole-canarie\/\" \/>\n<meta property=\"og:site_name\" content=\"Go Caravan Canarias\" \/>\n<meta property=\"article:publisher\" content=\"https:\/\/www.facebook.com\/people\/Kineled\/100067500994492\/\" \/>\n<meta property=\"article:modified_time\" content=\"2025-01-02T16:26:10+00:00\" \/>\n<meta property=\"og:image\" content=\"https:\/\/www.gocaravancanarias.com\/wp-content\/uploads\/2024\/12\/WhatsApp-Image-2024-12-09-at-17.13.57-6-1024x766.jpeg\" \/>\n<meta name=\"twitter:card\" content=\"summary_large_image\" \/>\n<meta name=\"twitter:site\" content=\"@Kineled\" \/>\n<script type=\"application\/ld+json\" class=\"yoast-schema-graph\">{\"@context\":\"https:\\\/\\\/schema.org\",\"@graph\":[{\"@type\":\"WebPage\",\"@id\":\"https:\\\/\\\/www.gocaravancanarias.com\\\/it\\\/noleggio-camper-alle-isole-canarie\\\/\",\"url\":\"https:\\\/\\\/www.gocaravancanarias.com\\\/it\\\/noleggio-camper-alle-isole-canarie\\\/\",\"name\":\"Noleggio camper alle Isole Canarie - Go Caravan Canarias\",\"isPartOf\":{\"@id\":\"https:\\\/\\\/www.gocaravancanarias.com\\\/#website\"},\"primaryImageOfPage\":{\"@id\":\"https:\\\/\\\/www.gocaravancanarias.com\\\/it\\\/noleggio-camper-alle-isole-canarie\\\/#primaryimage\"},\"image\":{\"@id\":\"https:\\\/\\\/www.gocaravancanarias.com\\\/it\\\/noleggio-camper-alle-isole-canarie\\\/#primaryimage\"},\"thumbnailUrl\":\"https:\\\/\\\/www.gocaravancanarias.com\\\/wp-content\\\/uploads\\\/2024\\\/12\\\/WhatsApp-Image-2024-12-09-at-17.13.57-6-1024x766.jpeg\",\"datePublished\":\"2024-12-10T12:50:54+00:00\",\"dateModified\":\"2025-01-02T16:26:10+00:00\",\"description\":\"Noleggio camper alle Isole Canarie \u2713 Il miglior servizio di noleggio camper alle Isole Canarie\u2713 Go Caravan Canarias\",\"breadcrumb\":{\"@id\":\"https:\\\/\\\/www.gocaravancanarias.com\\\/it\\\/noleggio-camper-alle-isole-canarie\\\/#breadcrumb\"},\"inLanguage\":\"it-IT\",\"potentialAction\":[{\"@type\":\"ReadAction\",\"target\":[\"https:\\\/\\\/www.gocaravancanarias.com\\\/it\\\/noleggio-camper-alle-isole-canarie\\\/\"]}]},{\"@type\":\"ImageObject\",\"inLanguage\":\"it-IT\",\"@id\":\"https:\\\/\\\/www.gocaravancanarias.com\\\/it\\\/noleggio-camper-alle-isole-canarie\\\/#primaryimage\",\"url\":\"https:\\\/\\\/www.gocaravancanarias.com\\\/wp-content\\\/uploads\\\/2024\\\/12\\\/WhatsApp-Image-2024-12-09-at-17.13.57-6-1024x766.jpeg\",\"contentUrl\":\"https:\\\/\\\/www.gocaravancanarias.com\\\/wp-content\\\/uploads\\\/2024\\\/12\\\/WhatsApp-Image-2024-12-09-at-17.13.57-6-1024x766.jpeg\"},{\"@type\":\"BreadcrumbList\",\"@id\":\"https:\\\/\\\/www.gocaravancanarias.com\\\/it\\\/noleggio-camper-alle-isole-canarie\\\/#breadcrumb\",\"itemListElement\":[{\"@type\":\"ListItem\",\"position\":1,\"name\":\"Portada\",\"item\":\"https:\\\/\\\/www.gocaravancanarias.com\\\/it\\\/casa\\\/\"},{\"@type\":\"ListItem\",\"position\":2,\"name\":\"Noleggio camper alle Isole Canarie\"}]},{\"@type\":\"WebSite\",\"@id\":\"https:\\\/\\\/www.gocaravancanarias.com\\\/#website\",\"url\":\"https:\\\/\\\/www.gocaravancanarias.com\\\/\",\"name\":\"Go Caravan Canarias\",\"description\":\"Alquiler de Autocaravanas y Campers\",\"publisher\":{\"@id\":\"https:\\\/\\\/www.gocaravancanarias.com\\\/#organization\"},\"potentialAction\":[{\"@type\":\"SearchAction\",\"target\":{\"@type\":\"EntryPoint\",\"urlTemplate\":\"https:\\\/\\\/www.gocaravancanarias.com\\\/?s={search_term_string}\"},\"query-input\":{\"@type\":\"PropertyValueSpecification\",\"valueRequired\":true,\"valueName\":\"search_term_string\"}}],\"inLanguage\":\"it-IT\"},{\"@type\":\"Organization\",\"@id\":\"https:\\\/\\\/www.gocaravancanarias.com\\\/#organization\",\"name\":\"Kineled Pantallas publicitarias\",\"url\":\"https:\\\/\\\/www.gocaravancanarias.com\\\/\",\"logo\":{\"@type\":\"ImageObject\",\"inLanguage\":\"it-IT\",\"@id\":\"https:\\\/\\\/www.gocaravancanarias.com\\\/#\\\/schema\\\/logo\\\/image\\\/\",\"url\":\"http:\\\/\\\/www.gocaravancanarias.com\\\/wp-content\\\/uploads\\\/2023\\\/02\\\/logo.png\",\"contentUrl\":\"http:\\\/\\\/www.gocaravancanarias.com\\\/wp-content\\\/uploads\\\/2023\\\/02\\\/logo.png\",\"width\":200,\"height\":80,\"caption\":\"Kineled Pantallas publicitarias\"},\"image\":{\"@id\":\"https:\\\/\\\/www.gocaravancanarias.com\\\/#\\\/schema\\\/logo\\\/image\\\/\"},\"sameAs\":[\"https:\\\/\\\/www.facebook.com\\\/people\\\/Kineled\\\/100067500994492\\\/\",\"https:\\\/\\\/x.com\\\/Kineled\",\"https:\\\/\\\/es.linkedin.com\\\/in\\\/kineled-displays-809b4267\"]}]}<\/script>\n<!-- \/ Yoast SEO plugin. -->","yoast_head_json":{"title":"Noleggio camper alle Isole Canarie - Go Caravan Canarias","description":"Noleggio camper alle Isole Canarie \u2713 Il miglior servizio di noleggio camper alle Isole Canarie\u2713 Go Caravan Canarias","robots":{"index":"index","follow":"follow","max-snippet":"max-snippet:-1","max-image-preview":"max-image-preview:large","max-video-preview":"max-video-preview:-1"},"canonical":"https:\/\/www.gocaravancanarias.com\/it\/noleggio-camper-alle-isole-canarie\/","og_locale":"it_IT","og_type":"article","og_title":"Noleggio camper alle Isole Canarie - Go Caravan Canarias","og_description":"Noleggio camper alle Isole Canarie \u2713 Il miglior servizio di noleggio camper alle Isole Canarie\u2713 Go Caravan Canarias","og_url":"https:\/\/www.gocaravancanarias.com\/it\/noleggio-camper-alle-isole-canarie\/","og_site_name":"Go Caravan Canarias","article_publisher":"https:\/\/www.facebook.com\/people\/Kineled\/100067500994492\/","article_modified_time":"2025-01-02T16:26:10+00:00","og_image":[{"url":"https:\/\/www.gocaravancanarias.com\/wp-content\/uploads\/2024\/12\/WhatsApp-Image-2024-12-09-at-17.13.57-6-1024x766.jpeg","type":"","width":"","height":""}],"twitter_card":"summary_large_image","twitter_site":"@Kineled","schema":{"@context":"https:\/\/schema.org","@graph":[{"@type":"WebPage","@id":"https:\/\/www.gocaravancanarias.com\/it\/noleggio-camper-alle-isole-canarie\/","url":"https:\/\/www.gocaravancanarias.com\/it\/noleggio-camper-alle-isole-canarie\/","name":"Noleggio camper alle Isole Canarie - Go Caravan Canarias","isPartOf":{"@id":"https:\/\/www.gocaravancanarias.com\/#website"},"primaryImageOfPage":{"@id":"https:\/\/www.gocaravancanarias.com\/it\/noleggio-camper-alle-isole-canarie\/#primaryimage"},"image":{"@id":"https:\/\/www.gocaravancanarias.com\/it\/noleggio-camper-alle-isole-canarie\/#primaryimage"},"thumbnailUrl":"https:\/\/www.gocaravancanarias.com\/wp-content\/uploads\/2024\/12\/WhatsApp-Image-2024-12-09-at-17.13.57-6-1024x766.jpeg","datePublished":"2024-12-10T12:50:54+00:00","dateModified":"2025-01-02T16:26:10+00:00","description":"Noleggio camper alle Isole Canarie \u2713 Il miglior servizio di noleggio camper alle Isole Canarie\u2713 Go Caravan Canarias","breadcrumb":{"@id":"https:\/\/www.gocaravancanarias.com\/it\/noleggio-camper-alle-isole-canarie\/#breadcrumb"},"inLanguage":"it-IT","potentialAction":[{"@type":"ReadAction","target":["https:\/\/www.gocaravancanarias.com\/it\/noleggio-camper-alle-isole-canarie\/"]}]},{"@type":"ImageObject","inLanguage":"it-IT","@id":"https:\/\/www.gocaravancanarias.com\/it\/noleggio-camper-alle-isole-canarie\/#primaryimage","url":"https:\/\/www.gocaravancanarias.com\/wp-content\/uploads\/2024\/12\/WhatsApp-Image-2024-12-09-at-17.13.57-6-1024x766.jpeg","contentUrl":"https:\/\/www.gocaravancanarias.com\/wp-content\/uploads\/2024\/12\/WhatsApp-Image-2024-12-09-at-17.13.57-6-1024x766.jpeg"},{"@type":"BreadcrumbList","@id":"https:\/\/www.gocaravancanarias.com\/it\/noleggio-camper-alle-isole-canarie\/#breadcrumb","itemListElement":[{"@type":"ListItem","position":1,"name":"Portada","item":"https:\/\/www.gocaravancanarias.com\/it\/casa\/"},{"@type":"ListItem","position":2,"name":"Noleggio camper alle Isole Canarie"}]},{"@type":"WebSite","@id":"https:\/\/www.gocaravancanarias.com\/#website","url":"https:\/\/www.gocaravancanarias.com\/","name":"Go Caravan Canarias","description":"Alquiler de Autocaravanas y Campers","publisher":{"@id":"https:\/\/www.gocaravancanarias.com\/#organization"},"potentialAction":[{"@type":"SearchAction","target":{"@type":"EntryPoint","urlTemplate":"https:\/\/www.gocaravancanarias.com\/?s={search_term_string}"},"query-input":{"@type":"PropertyValueSpecification","valueRequired":true,"valueName":"search_term_string"}}],"inLanguage":"it-IT"},{"@type":"Organization","@id":"https:\/\/www.gocaravancanarias.com\/#organization","name":"Kineled Pantallas publicitarias","url":"https:\/\/www.gocaravancanarias.com\/","logo":{"@type":"ImageObject","inLanguage":"it-IT","@id":"https:\/\/www.gocaravancanarias.com\/#\/schema\/logo\/image\/","url":"http:\/\/www.gocaravancanarias.com\/wp-content\/uploads\/2023\/02\/logo.png","contentUrl":"http:\/\/www.gocaravancanarias.com\/wp-content\/uploads\/2023\/02\/logo.png","width":200,"height":80,"caption":"Kineled Pantallas publicitarias"},"image":{"@id":"https:\/\/www.gocaravancanarias.com\/#\/schema\/logo\/image\/"},"sameAs":["https:\/\/www.facebook.com\/people\/Kineled\/100067500994492\/","https:\/\/x.com\/Kineled","https:\/\/es.linkedin.com\/in\/kineled-displays-809b4267"]}]}},"_links":{"self":[{"href":"https:\/\/www.gocaravancanarias.com\/it\/wp-json\/wp\/v2\/pages\/14996","targetHints":{"allow":["GET"]}}],"collection":[{"href":"https:\/\/www.gocaravancanarias.com\/it\/wp-json\/wp\/v2\/pages"}],"about":[{"href":"https:\/\/www.gocaravancanarias.com\/it\/wp-json\/wp\/v2\/types\/page"}],"author":[{"embeddable":true,"href":"https:\/\/www.gocaravancanarias.com\/it\/wp-json\/wp\/v2\/users\/7"}],"replies":[{"embeddable":true,"href":"https:\/\/www.gocaravancanarias.com\/it\/wp-json\/wp\/v2\/comments?post=14996"}],"version-history":[{"count":0,"href":"https:\/\/www.gocaravancanarias.com\/it\/wp-json\/wp\/v2\/pages\/14996\/revisions"}],"wp:attachment":[{"href":"https:\/\/www.gocaravancanarias.com\/it\/wp-json\/wp\/v2\/media?parent=14996"}],"curies":[{"name":"wp","href":"https:\/\/api.w.org\/{rel}","templated":true}]}}