{"id":15010,"date":"2024-12-10T14:05:35","date_gmt":"2024-12-10T13:05:35","guid":{"rendered":"https:\/\/www.gocaravancanarias.com\/?page_id=15010"},"modified":"2025-01-02T17:26:53","modified_gmt":"2025-01-02T16:26:53","slug":"noleggio-rv-alle-isole-canarie","status":"publish","type":"page","link":"https:\/\/www.gocaravancanarias.com\/it\/noleggio-rv-alle-isole-canarie\/","title":{"rendered":"Noleggio RV alle Isole Canarie"},"content":{"rendered":"<p><span style=\"font-weight: 400;\">Le Isole Canarie sono una destinazione affascinante. I suoi paesaggi dai colori cangianti, i suoi villaggi in cui si conservano ancora molte delle antiche tradizioni, le sue citt\u00e0 piene di calma, le sue spiagge, il suo cibo, le sue montagne infinite&#8230; Sembra un paradiso, non \u00e8 vero? E non c&#8217;\u00e8 modo migliore di conoscere tutta questa bellezza che con il proprio motorhmoe. Se volete accedere al miglior servizio di noleggioRV nelle Isole Canarie, contattate subito <\/span><a href=\"https:\/\/www.gocaravancanarias.com\/it\/\"><b>Go Caravan Canarias<\/b><\/a><span style=\"font-weight: 400;\">. Siamo una delle aziende leader del mercato che vi offre veicoli prodotti dalle migliori marche.<\/span><\/p>\n<p><span style=\"font-weight: 400;\">In Go Caravan Canarias abbiamo una cosa chiara: vi offriamo la migliore qualit\u00e0 in tutti i nostri servizi. Per questo motivo, disponiamo di un&#8217;ampia gamma di RV a noleggio dotati di tutto il necessario per vivere un&#8217;esperienza magica. Anche se i nostri veicoli sono a noleggio, sono in perfette condizioni e vengono controllati da un team tecnico. Inoltre, sono tutti dotati della migliore tecnologia e vi garantiscono un&#8217;esperienza sicura sulla strada.<\/span><\/p>\n<p><span style=\"font-weight: 400;\">Volete saperne di pi\u00f9? Contattateci (<\/span><a href=\"tel:+34 643 774 138\"><span style=\"font-weight: 400;\">+34 643 774 138<\/span><\/a><span style=\"font-weight: 400;\"> o <\/span><a href=\"mailto:gestion@gocaravancanarias.com\"><span style=\"font-weight: 400;\">gestion@gocaravancanarias.com<\/span><\/a><span style=\"font-weight: 400;\">) e scoprite perch\u00e9 il caravaning fa tendenza. Vi offriamo i migliori servizi e la migliore attenzione personalizzata. Il benessere dei nostri clienti \u00e8 la nostra priorit\u00e0 e vi offriamo tutto l&#8217;aiuto di cui avete bisogno. Abbiamo una lunga esperienza nel settore che ci permette di soddisfare le richieste dei nostri clienti internazionali. Chiamateci, non ve ne pentirete!<\/span><\/p>\n<p><img loading=\"lazy\" decoding=\"async\" class=\"alignnone wp-image-15011 \" src=\"https:\/\/www.gocaravancanarias.com\/wp-content\/uploads\/2024\/12\/WhatsApp-Image-2024-12-09-at-17.13.49-7-1024x771.jpeg\" alt=\"Noleggio RV alle Isole Canarie Go Caravan Canarias\" width=\"557\" height=\"419\" \/><\/p>\n<p>&nbsp;<\/p>\n<h2><span style=\"font-weight: 400;\">Perch\u00e9 dovrei noleggiare un RV alle Isole Canarie con Go Caravan Canarias?<\/span><\/h2>\n<p><span style=\"font-weight: 400;\">Non conoscete ancora i vantaggi di noleggiare un motorhome alle Isole Canarie con noi? Qui ve li illustriamo:<\/span><\/p>\n<ul>\n<li style=\"font-weight: 400;\" aria-level=\"1\"><span style=\"font-weight: 400;\">Il miglior prezzo garantito: Vi offriamo tariffe flessibili e prezzi imbattibili per permettervi di viaggiare in modo economico.<\/span><\/li>\n<li style=\"font-weight: 400;\" aria-level=\"1\"><span style=\"font-weight: 400;\">RV prodotti dalle migliori marche: Uno dei nostri produttori di punta \u00e8 Giottiline, noto per la produzione di veicoli all&#8217;avanguardia.<\/span><\/li>\n<li style=\"font-weight: 400;\" aria-level=\"1\"><span style=\"font-weight: 400;\">La migliore attenzione personalizzata: Amiamo aiutarvi e consigliarvi su tutto ci\u00f2 di cui avete bisogno.<\/span><\/li>\n<li style=\"font-weight: 400;\" aria-level=\"1\"><span style=\"font-weight: 400;\">Veicoli progettati per voi: Tutti i nostri RV hanno un design esclusivo in cui vi sentirete a casa.<\/span><\/li>\n<li style=\"font-weight: 400;\" aria-level=\"1\"><span style=\"font-weight: 400;\">Raccomandazioni quando volete: Non sapete dove iniziare il vostro viaggio? Siamo qui per aiutarvi!<\/span><\/li>\n<\/ul>\n<p>&nbsp;<\/p>\n<h3><span style=\"font-weight: 400;\">Un ampio catalogo di RV a noleggio nelle Isole Canarie<\/span><\/h3>\n<p><span style=\"font-weight: 400;\">L&#8217;ampia gamma di motorhome che offriamo \u00e8 perfetta per viaggiare da soli, in coppia, con la famiglia e gli amici. I nostri veicoli vengono consegnati in perfette condizioni e dispongono di tutti i comfort necessari per godersi al meglio il viaggio. Sono dotati di cucina, bagno, doccia, letti e soggiorno e offrono uno spazio di archiviazione extra.<\/span><\/p>\n<h3><\/h3>\n<h3><span style=\"font-weight: 400;\">Le migliori condizioni per il noleggio di case mobili nelle Isole Canarie<\/span><\/h3>\n<p><span style=\"font-weight: 400;\">Se cercate un&#8217;azienda che vi garantisca le migliori condizioni di noleggio RV alle Isole Canarie, noi siamo la scelta migliore. Vi diamo fino a 30 giorni per cancellare la prenotazione con un rimborso totale del pagamento e un&#8217;assicurazione completa \u00e8 inclusa nel prezzo totale del RV.<\/span><\/p>\n<p>&nbsp;<\/p>\n<h2><span style=\"font-weight: 400;\">Noleggio RV all&#8217;aeroporto delle Canarie<\/span><\/h2>\n<p><span style=\"font-weight: 400;\">Sul nostro sito ufficiale troverete uno speciale servizio di consegna dei motorhome all&#8217;aeroporto di Tenerife, in modo che non dobbiate recarvi presso le nostre strutture. Offriamo questo servizio anche al porto o alla stazione degli autobus di Tenerife.<\/span><\/p>\n<p>&nbsp;<\/p>\n<h2><span style=\"font-weight: 400;\">Con Go Caravan Canarias, noleggiate un RV al miglior prezzo nelle Isole Canarie<\/span><\/h2>\n<p><span style=\"font-weight: 400;\">Fate le valigie, il vostro viaggio a Tenerife \u00e8 arrivato! Noleggiate la vostra casa mobile al miglior prezzo e godetevi un viaggio unico nelle Isole Canarie. Vi offriamo le migliori condizioni di noleggio e i migliori prezzi. Inoltre, potete sempre contare sul nostro aiuto. Prenotate il vostro motorhome con Go Caravan Canarias e vivete un&#8217;avventura unica.<\/span><\/p>\n<p><iframe loading=\"lazy\" style=\"border: 0;\" src=\"https:\/\/www.google.com\/maps\/embed?pb=!1m18!1m12!1m3!1d3593225.8007584177!2d-18.49441014279991!3d28.418968060807682!2m3!1f0!2f0!3f0!3m2!1i1024!2i768!4f13.1!3m3!1m2!1s0xc41aa86ef755363%3A0x10340f3be4bc8c0!2sCanarias!5e0!3m2!1ses!2ses!4v1735821504935!5m2!1ses!2ses\" width=\"\u201c100%\u201d\" height=\"450\" allowfullscreen=\"allowfullscreen\"><\/iframe><\/p>\n","protected":false},"excerpt":{"rendered":"<p>Le Isole Canarie sono una destinazione affascinante. I suoi paesaggi dai colori cangianti, i suoi villaggi in cui si conservano ancora molte delle antiche tradizioni, le sue citt\u00e0 piene di calma, le sue spiagge, il suo cibo, le sue montagne infinite&#8230; Sembra un paradiso, non \u00e8 vero? E non c&#8217;\u00e8 modo migliore di conoscere tutta [&hellip;]<\/p>\n","protected":false},"author":7,"featured_media":0,"parent":0,"menu_order":0,"comment_status":"closed","ping_status":"closed","template":"","meta":{"_et_pb_use_builder":"","_et_pb_old_content":"","_et_gb_content_width":"","_joinchat":[],"footnotes":""},"class_list":["post-15010","page","type-page","status-publish","hentry"],"yoast_head":"<!-- This site is optimized with the Yoast SEO plugin v27.3 - https:\/\/yoast.com\/product\/yoast-seo-wordpress\/ -->\n<title>Noleggio RV alle Isole Canarie - Go Caravan Canarias<\/title>\n<meta name=\"description\" content=\"Noleggio RV alle Isole Canarie \u2713 Il miglior servizio di noleggio RV alle Isole Canarie\u2713 Go Caravan Canarias\" \/>\n<meta name=\"robots\" content=\"index, follow, max-snippet:-1, max-image-preview:large, max-video-preview:-1\" \/>\n<link rel=\"canonical\" href=\"https:\/\/www.gocaravancanarias.com\/it\/noleggio-rv-alle-isole-canarie\/\" \/>\n<meta property=\"og:locale\" content=\"it_IT\" \/>\n<meta property=\"og:type\" content=\"article\" \/>\n<meta property=\"og:title\" content=\"Noleggio RV alle Isole Canarie - Go Caravan Canarias\" \/>\n<meta property=\"og:description\" content=\"Noleggio RV alle Isole Canarie \u2713 Il miglior servizio di noleggio RV alle Isole Canarie\u2713 Go Caravan Canarias\" \/>\n<meta property=\"og:url\" content=\"https:\/\/www.gocaravancanarias.com\/it\/noleggio-rv-alle-isole-canarie\/\" \/>\n<meta property=\"og:site_name\" content=\"Go Caravan Canarias\" \/>\n<meta property=\"article:publisher\" content=\"https:\/\/www.facebook.com\/people\/Kineled\/100067500994492\/\" \/>\n<meta property=\"article:modified_time\" content=\"2025-01-02T16:26:53+00:00\" \/>\n<meta property=\"og:image\" content=\"https:\/\/www.gocaravancanarias.com\/wp-content\/uploads\/2024\/12\/WhatsApp-Image-2024-12-09-at-17.13.49-7-1024x771.jpeg\" \/>\n<meta name=\"twitter:card\" content=\"summary_large_image\" \/>\n<meta name=\"twitter:site\" content=\"@Kineled\" \/>\n<script type=\"application\/ld+json\" class=\"yoast-schema-graph\">{\"@context\":\"https:\\\/\\\/schema.org\",\"@graph\":[{\"@type\":\"WebPage\",\"@id\":\"https:\\\/\\\/www.gocaravancanarias.com\\\/it\\\/noleggio-rv-alle-isole-canarie\\\/\",\"url\":\"https:\\\/\\\/www.gocaravancanarias.com\\\/it\\\/noleggio-rv-alle-isole-canarie\\\/\",\"name\":\"Noleggio RV alle Isole Canarie - Go Caravan Canarias\",\"isPartOf\":{\"@id\":\"https:\\\/\\\/www.gocaravancanarias.com\\\/#website\"},\"primaryImageOfPage\":{\"@id\":\"https:\\\/\\\/www.gocaravancanarias.com\\\/it\\\/noleggio-rv-alle-isole-canarie\\\/#primaryimage\"},\"image\":{\"@id\":\"https:\\\/\\\/www.gocaravancanarias.com\\\/it\\\/noleggio-rv-alle-isole-canarie\\\/#primaryimage\"},\"thumbnailUrl\":\"https:\\\/\\\/www.gocaravancanarias.com\\\/wp-content\\\/uploads\\\/2024\\\/12\\\/WhatsApp-Image-2024-12-09-at-17.13.49-7-1024x771.jpeg\",\"datePublished\":\"2024-12-10T13:05:35+00:00\",\"dateModified\":\"2025-01-02T16:26:53+00:00\",\"description\":\"Noleggio RV alle Isole Canarie \u2713 Il miglior servizio di noleggio RV alle Isole Canarie\u2713 Go Caravan Canarias\",\"breadcrumb\":{\"@id\":\"https:\\\/\\\/www.gocaravancanarias.com\\\/it\\\/noleggio-rv-alle-isole-canarie\\\/#breadcrumb\"},\"inLanguage\":\"it-IT\",\"potentialAction\":[{\"@type\":\"ReadAction\",\"target\":[\"https:\\\/\\\/www.gocaravancanarias.com\\\/it\\\/noleggio-rv-alle-isole-canarie\\\/\"]}]},{\"@type\":\"ImageObject\",\"inLanguage\":\"it-IT\",\"@id\":\"https:\\\/\\\/www.gocaravancanarias.com\\\/it\\\/noleggio-rv-alle-isole-canarie\\\/#primaryimage\",\"url\":\"https:\\\/\\\/www.gocaravancanarias.com\\\/wp-content\\\/uploads\\\/2024\\\/12\\\/WhatsApp-Image-2024-12-09-at-17.13.49-7-1024x771.jpeg\",\"contentUrl\":\"https:\\\/\\\/www.gocaravancanarias.com\\\/wp-content\\\/uploads\\\/2024\\\/12\\\/WhatsApp-Image-2024-12-09-at-17.13.49-7-1024x771.jpeg\"},{\"@type\":\"BreadcrumbList\",\"@id\":\"https:\\\/\\\/www.gocaravancanarias.com\\\/it\\\/noleggio-rv-alle-isole-canarie\\\/#breadcrumb\",\"itemListElement\":[{\"@type\":\"ListItem\",\"position\":1,\"name\":\"Portada\",\"item\":\"https:\\\/\\\/www.gocaravancanarias.com\\\/it\\\/casa\\\/\"},{\"@type\":\"ListItem\",\"position\":2,\"name\":\"Noleggio RV alle Isole Canarie\"}]},{\"@type\":\"WebSite\",\"@id\":\"https:\\\/\\\/www.gocaravancanarias.com\\\/#website\",\"url\":\"https:\\\/\\\/www.gocaravancanarias.com\\\/\",\"name\":\"Go Caravan Canarias\",\"description\":\"Alquiler de Autocaravanas y Campers\",\"publisher\":{\"@id\":\"https:\\\/\\\/www.gocaravancanarias.com\\\/#organization\"},\"potentialAction\":[{\"@type\":\"SearchAction\",\"target\":{\"@type\":\"EntryPoint\",\"urlTemplate\":\"https:\\\/\\\/www.gocaravancanarias.com\\\/?s={search_term_string}\"},\"query-input\":{\"@type\":\"PropertyValueSpecification\",\"valueRequired\":true,\"valueName\":\"search_term_string\"}}],\"inLanguage\":\"it-IT\"},{\"@type\":\"Organization\",\"@id\":\"https:\\\/\\\/www.gocaravancanarias.com\\\/#organization\",\"name\":\"Kineled Pantallas publicitarias\",\"url\":\"https:\\\/\\\/www.gocaravancanarias.com\\\/\",\"logo\":{\"@type\":\"ImageObject\",\"inLanguage\":\"it-IT\",\"@id\":\"https:\\\/\\\/www.gocaravancanarias.com\\\/#\\\/schema\\\/logo\\\/image\\\/\",\"url\":\"http:\\\/\\\/www.gocaravancanarias.com\\\/wp-content\\\/uploads\\\/2023\\\/02\\\/logo.png\",\"contentUrl\":\"http:\\\/\\\/www.gocaravancanarias.com\\\/wp-content\\\/uploads\\\/2023\\\/02\\\/logo.png\",\"width\":200,\"height\":80,\"caption\":\"Kineled Pantallas publicitarias\"},\"image\":{\"@id\":\"https:\\\/\\\/www.gocaravancanarias.com\\\/#\\\/schema\\\/logo\\\/image\\\/\"},\"sameAs\":[\"https:\\\/\\\/www.facebook.com\\\/people\\\/Kineled\\\/100067500994492\\\/\",\"https:\\\/\\\/x.com\\\/Kineled\",\"https:\\\/\\\/es.linkedin.com\\\/in\\\/kineled-displays-809b4267\"]}]}<\/script>\n<!-- \/ Yoast SEO plugin. -->","yoast_head_json":{"title":"Noleggio RV alle Isole Canarie - Go Caravan Canarias","description":"Noleggio RV alle Isole Canarie \u2713 Il miglior servizio di noleggio RV alle Isole Canarie\u2713 Go Caravan Canarias","robots":{"index":"index","follow":"follow","max-snippet":"max-snippet:-1","max-image-preview":"max-image-preview:large","max-video-preview":"max-video-preview:-1"},"canonical":"https:\/\/www.gocaravancanarias.com\/it\/noleggio-rv-alle-isole-canarie\/","og_locale":"it_IT","og_type":"article","og_title":"Noleggio RV alle Isole Canarie - Go Caravan Canarias","og_description":"Noleggio RV alle Isole Canarie \u2713 Il miglior servizio di noleggio RV alle Isole Canarie\u2713 Go Caravan Canarias","og_url":"https:\/\/www.gocaravancanarias.com\/it\/noleggio-rv-alle-isole-canarie\/","og_site_name":"Go Caravan Canarias","article_publisher":"https:\/\/www.facebook.com\/people\/Kineled\/100067500994492\/","article_modified_time":"2025-01-02T16:26:53+00:00","og_image":[{"url":"https:\/\/www.gocaravancanarias.com\/wp-content\/uploads\/2024\/12\/WhatsApp-Image-2024-12-09-at-17.13.49-7-1024x771.jpeg","type":"","width":"","height":""}],"twitter_card":"summary_large_image","twitter_site":"@Kineled","schema":{"@context":"https:\/\/schema.org","@graph":[{"@type":"WebPage","@id":"https:\/\/www.gocaravancanarias.com\/it\/noleggio-rv-alle-isole-canarie\/","url":"https:\/\/www.gocaravancanarias.com\/it\/noleggio-rv-alle-isole-canarie\/","name":"Noleggio RV alle Isole Canarie - Go Caravan Canarias","isPartOf":{"@id":"https:\/\/www.gocaravancanarias.com\/#website"},"primaryImageOfPage":{"@id":"https:\/\/www.gocaravancanarias.com\/it\/noleggio-rv-alle-isole-canarie\/#primaryimage"},"image":{"@id":"https:\/\/www.gocaravancanarias.com\/it\/noleggio-rv-alle-isole-canarie\/#primaryimage"},"thumbnailUrl":"https:\/\/www.gocaravancanarias.com\/wp-content\/uploads\/2024\/12\/WhatsApp-Image-2024-12-09-at-17.13.49-7-1024x771.jpeg","datePublished":"2024-12-10T13:05:35+00:00","dateModified":"2025-01-02T16:26:53+00:00","description":"Noleggio RV alle Isole Canarie \u2713 Il miglior servizio di noleggio RV alle Isole Canarie\u2713 Go Caravan Canarias","breadcrumb":{"@id":"https:\/\/www.gocaravancanarias.com\/it\/noleggio-rv-alle-isole-canarie\/#breadcrumb"},"inLanguage":"it-IT","potentialAction":[{"@type":"ReadAction","target":["https:\/\/www.gocaravancanarias.com\/it\/noleggio-rv-alle-isole-canarie\/"]}]},{"@type":"ImageObject","inLanguage":"it-IT","@id":"https:\/\/www.gocaravancanarias.com\/it\/noleggio-rv-alle-isole-canarie\/#primaryimage","url":"https:\/\/www.gocaravancanarias.com\/wp-content\/uploads\/2024\/12\/WhatsApp-Image-2024-12-09-at-17.13.49-7-1024x771.jpeg","contentUrl":"https:\/\/www.gocaravancanarias.com\/wp-content\/uploads\/2024\/12\/WhatsApp-Image-2024-12-09-at-17.13.49-7-1024x771.jpeg"},{"@type":"BreadcrumbList","@id":"https:\/\/www.gocaravancanarias.com\/it\/noleggio-rv-alle-isole-canarie\/#breadcrumb","itemListElement":[{"@type":"ListItem","position":1,"name":"Portada","item":"https:\/\/www.gocaravancanarias.com\/it\/casa\/"},{"@type":"ListItem","position":2,"name":"Noleggio RV alle Isole Canarie"}]},{"@type":"WebSite","@id":"https:\/\/www.gocaravancanarias.com\/#website","url":"https:\/\/www.gocaravancanarias.com\/","name":"Go Caravan Canarias","description":"Alquiler de Autocaravanas y Campers","publisher":{"@id":"https:\/\/www.gocaravancanarias.com\/#organization"},"potentialAction":[{"@type":"SearchAction","target":{"@type":"EntryPoint","urlTemplate":"https:\/\/www.gocaravancanarias.com\/?s={search_term_string}"},"query-input":{"@type":"PropertyValueSpecification","valueRequired":true,"valueName":"search_term_string"}}],"inLanguage":"it-IT"},{"@type":"Organization","@id":"https:\/\/www.gocaravancanarias.com\/#organization","name":"Kineled Pantallas publicitarias","url":"https:\/\/www.gocaravancanarias.com\/","logo":{"@type":"ImageObject","inLanguage":"it-IT","@id":"https:\/\/www.gocaravancanarias.com\/#\/schema\/logo\/image\/","url":"http:\/\/www.gocaravancanarias.com\/wp-content\/uploads\/2023\/02\/logo.png","contentUrl":"http:\/\/www.gocaravancanarias.com\/wp-content\/uploads\/2023\/02\/logo.png","width":200,"height":80,"caption":"Kineled Pantallas publicitarias"},"image":{"@id":"https:\/\/www.gocaravancanarias.com\/#\/schema\/logo\/image\/"},"sameAs":["https:\/\/www.facebook.com\/people\/Kineled\/100067500994492\/","https:\/\/x.com\/Kineled","https:\/\/es.linkedin.com\/in\/kineled-displays-809b4267"]}]}},"_links":{"self":[{"href":"https:\/\/www.gocaravancanarias.com\/it\/wp-json\/wp\/v2\/pages\/15010","targetHints":{"allow":["GET"]}}],"collection":[{"href":"https:\/\/www.gocaravancanarias.com\/it\/wp-json\/wp\/v2\/pages"}],"about":[{"href":"https:\/\/www.gocaravancanarias.com\/it\/wp-json\/wp\/v2\/types\/page"}],"author":[{"embeddable":true,"href":"https:\/\/www.gocaravancanarias.com\/it\/wp-json\/wp\/v2\/users\/7"}],"replies":[{"embeddable":true,"href":"https:\/\/www.gocaravancanarias.com\/it\/wp-json\/wp\/v2\/comments?post=15010"}],"version-history":[{"count":0,"href":"https:\/\/www.gocaravancanarias.com\/it\/wp-json\/wp\/v2\/pages\/15010\/revisions"}],"wp:attachment":[{"href":"https:\/\/www.gocaravancanarias.com\/it\/wp-json\/wp\/v2\/media?parent=15010"}],"curies":[{"name":"wp","href":"https:\/\/api.w.org\/{rel}","templated":true}]}}