{"id":15017,"date":"2024-12-10T14:18:07","date_gmt":"2024-12-10T13:18:07","guid":{"rendered":"https:\/\/www.gocaravancanarias.com\/?page_id=15017"},"modified":"2025-01-02T17:28:09","modified_gmt":"2025-01-02T16:28:09","slug":"alugar-uma-campervan-em-tenerife","status":"publish","type":"page","link":"https:\/\/www.gocaravancanarias.com\/pt-pt\/alugar-uma-campervan-em-tenerife\/","title":{"rendered":"Alugar uma campervan em Tenerife"},"content":{"rendered":"<p><span style=\"font-weight: 400;\">Em que \u00e9 que pensa quando pensa em viajar? Estradas sem fim, aldeias m\u00e1gicas, cidades que se movem a toda a velocidade, monumentos, pontes, paisagens indescrit\u00edveis, florestas&#8230; J\u00e1 imaginou descobrir tudo isto numa casa sobre rodas? Bem-vindo a <\/span><a href=\"https:\/\/www.gocaravancanarias.com\/en\/\"><b>Go Caravan Canarias<\/b><\/a><span style=\"font-weight: 400;\">. Somos uma empresa especializada no aluguer de campervans em Tenerife que lhe oferece os melhores servi\u00e7os do sector. Se h\u00e1 uma coisa que nos encanta \u00e9 viajar numa casa sobre rodas e viver centenas de aventuras. Esta \u00e9 uma das raz\u00f5es pelas quais somos a melhor op\u00e7\u00e3o para alugar uma autocaravana em Tenerife.<\/span><\/p>\n<p><span style=\"font-weight: 400;\">Oferecemos-lhe servi\u00e7os de qualidade e um grande stock de autocaravanas com capacidade para at\u00e9 4 pessoas e com um design interior que o vai apaixonar. O conforto e a seguran\u00e7a dos nossos clientes s\u00e3o a nossa prioridade. Por esta raz\u00e3o, verificamos os nossos ve\u00edculos e afinamo-los para que possa desfrutar de uma experi\u00eancia confort\u00e1vel e segura. Al\u00e9m disso, gostamos de lhe oferecer a melhor aten\u00e7\u00e3o personalizada e de o ajudar em tudo o que precisar.<\/span><\/p>\n<p><span style=\"font-weight: 400;\">Quer lan\u00e7ar-se na aventura de descobrir as Ilhas Can\u00e1rias? Ent\u00e3o entre em contacto connosco (<\/span><a href=\"tel:+34 643 774 138\"><span style=\"font-weight: 400;\">+34 643 774 138<\/span><\/a><span style=\"font-weight: 400;\"> ou <\/span><a href=\"mailto:gestion@gocaravancanarias.com\"><span style=\"font-weight: 400;\">gestion@gocaravancanarias.com<\/span><\/a><span style=\"font-weight: 400;\">) e veja as nossas autocaravanas. Teremos todo o prazer em ajud\u00e1-lo sem compromisso e garantir-lhe a melhor assist\u00eancia especializada.<\/span><\/p>\n<p>&nbsp;<\/p>\n<p><img loading=\"lazy\" decoding=\"async\" class=\"alignnone wp-image-15018 \" src=\"https:\/\/www.gocaravancanarias.com\/wp-content\/uploads\/2024\/12\/WhatsApp-Image-2024-12-09-at-17.13.57-7-1024x766.jpeg\" alt=\"Alugar uma campervan em Tenerife\" width=\"589\" height=\"441\" \/><\/p>\n<p>&nbsp;<\/p>\n<h2><span style=\"font-weight: 400;\">O melhor servi\u00e7o de aluguer de campervans em Tenerife<\/span><\/h2>\n<p>&nbsp;<\/p>\n<h3><span style=\"font-weight: 400;\">Consulte o nosso cat\u00e1logo de campervans para alugar em Tenerife<\/span><\/h3>\n<p>&nbsp;<\/p>\n<p><span style=\"font-weight: 400;\">Ainda n\u00e3o conhece o nosso extenso cat\u00e1logo de autocaravanas para alugar em Tenerife? Temos todos os tamanhos e modelos. Tudo o que tem de fazer \u00e9 visitar o nosso site oficial, selecionar as datas em que pretende organizar a sua viagem e navegar pelas autocaravanas que oferecemos. Todas elas foram concebidas para garantir o m\u00e1ximo espa\u00e7o e conforto. A capacidade m\u00e1xima das nossas autocaravanas \u00e9 para 4 pessoas e o espa\u00e7o interior est\u00e1 distribu\u00eddo por cozinha, casa de banho, duche, camas e uma pequena sala de estar.<\/span><\/p>\n<h3><\/h3>\n<h3><span style=\"font-weight: 400;\">Alugar uma campervan em Tenerife com as melhores condi\u00e7\u00f5es<\/span><\/h3>\n<p><span style=\"font-weight: 400;\">O nosso servi\u00e7o de aluguer de campervans em Tenerife garante-lhe as melhores condi\u00e7\u00f5es do mercado. As nossas tarifas s\u00e3o flex\u00edveis e se por algum motivo n\u00e3o puder realizar a sua viagem, reembolsamos 100% do valor pago se cancelar a reserva com 30 dias de anteced\u00eancia. Para al\u00e9m disso, um seguro completo est\u00e1 inclu\u00eddo no pre\u00e7o final do ve\u00edculo. Lembre-se que para alugar uma autocaravana connosco deve ter mais de 25 anos e ter carta de condu\u00e7\u00e3o h\u00e1 mais de 2 anos.<\/span><\/p>\n<p>&nbsp;<\/p>\n<h2><span style=\"font-weight: 400;\">Alugar uma campervan no aeroporto de Tenerife<\/span><\/h2>\n<p><span style=\"font-weight: 400;\">Est\u00e1 a viajar do estrangeiro? Ent\u00e3o vais adorar este servi\u00e7o especial. Na Go Caravan Canarias queremos que os nossos clientes se sintam o mais c\u00f3modo poss\u00edvel desde o in\u00edcio da sua aventura. Por esta raz\u00e3o, oferecemos um servi\u00e7o de recolha no aeroporto. Desta forma, quando aterrar, poder\u00e1 entrar na sua autocaravana e come\u00e7ar a sua viagem sem ter de se deslocar at\u00e9 \u00e0s nossas instala\u00e7\u00f5es.<\/span><\/p>\n<p>&nbsp;<\/p>\n<h2><span style=\"font-weight: 400;\">Alugue campervans em Tenerife ao melhor pre\u00e7o com Go Caravan Canarias<\/span><\/h2>\n<p><span style=\"font-weight: 400;\">A sua pr\u00f3xima aventura est\u00e1 \u00e0 sua espera! Alugue uma campervan ao melhor pre\u00e7o com a Go Caravan Canarias e desfrute de uma s\u00e9rie de vantagens. Garantimos-lhe as melhores tarifas do sector e um or\u00e7amento que se adapta ao seu bolso. Contacte-nos e teremos todo o prazer em conhec\u00ea-lo!<\/span><\/p>\n<p><iframe src=\"https:\/\/www.google.com\/maps\/embed?pb=!1m18!1m12!1m3!1d449686.4997500615!2d-16.85231446389737!3d28.292998898286008!2m3!1f0!2f0!3f0!3m2!1i1024!2i768!4f13.1!3m3!1m2!1s0xc4029effe8682ed%3A0xb01a4bf1c84baf3c!2sTenerife!5e0!3m2!1ses!2ses!4v1735821468541!5m2!1ses!2ses\" width=\u201c100%\u201d height=\"450\" style=\"border:0;\" allowfullscreen=\"\" loading=\"lazy\" referrerpolicy=\"no-referrer-when-downgrade\"><\/iframe><\/p>\n","protected":false},"excerpt":{"rendered":"<p>Em que \u00e9 que pensa quando pensa em viajar? Estradas sem fim, aldeias m\u00e1gicas, cidades que se movem a toda a velocidade, monumentos, pontes, paisagens indescrit\u00edveis, florestas&#8230; J\u00e1 imaginou descobrir tudo isto numa casa sobre rodas? Bem-vindo a Go Caravan Canarias. Somos uma empresa especializada no aluguer de campervans em Tenerife que lhe oferece os [&hellip;]<\/p>\n","protected":false},"author":7,"featured_media":0,"parent":0,"menu_order":0,"comment_status":"closed","ping_status":"closed","template":"","meta":{"_et_pb_use_builder":"","_et_pb_old_content":"","_et_gb_content_width":"","_joinchat":[],"footnotes":""},"class_list":["post-15017","page","type-page","status-publish","hentry"],"yoast_head":"<!-- This site is optimized with the Yoast SEO plugin v27.4 - https:\/\/yoast.com\/product\/yoast-seo-wordpress\/ -->\n<title>Alugar uma campervan em Tenerife - Go Caravan Canarias<\/title>\n<meta name=\"description\" content=\"Alugar uma campervan em Tenerife \u2713 O melhor servi\u00e7o de aluguer de autocaravanas em Tenerife \u2713 Go Caravan Canarias\" \/>\n<meta name=\"robots\" content=\"index, follow, max-snippet:-1, max-image-preview:large, max-video-preview:-1\" \/>\n<link rel=\"canonical\" href=\"https:\/\/www.gocaravancanarias.com\/pt-pt\/alugar-uma-campervan-em-tenerife\/\" \/>\n<meta property=\"og:locale\" content=\"pt_PT\" \/>\n<meta property=\"og:type\" content=\"article\" \/>\n<meta property=\"og:title\" content=\"Alugar uma campervan em Tenerife - Go Caravan Canarias\" \/>\n<meta property=\"og:description\" content=\"Alugar uma campervan em Tenerife \u2713 O melhor servi\u00e7o de aluguer de autocaravanas em Tenerife \u2713 Go Caravan Canarias\" \/>\n<meta property=\"og:url\" content=\"https:\/\/www.gocaravancanarias.com\/pt-pt\/alugar-uma-campervan-em-tenerife\/\" \/>\n<meta property=\"og:site_name\" content=\"Go Caravan Canarias\" \/>\n<meta property=\"article:publisher\" content=\"https:\/\/www.facebook.com\/people\/Kineled\/100067500994492\/\" \/>\n<meta property=\"article:modified_time\" content=\"2025-01-02T16:28:09+00:00\" \/>\n<meta property=\"og:image\" content=\"https:\/\/www.gocaravancanarias.com\/wp-content\/uploads\/2024\/12\/WhatsApp-Image-2024-12-09-at-17.13.57-7-1024x766.jpeg\" \/>\n<meta name=\"twitter:card\" content=\"summary_large_image\" \/>\n<meta name=\"twitter:site\" content=\"@Kineled\" \/>\n<script type=\"application\/ld+json\" class=\"yoast-schema-graph\">{\"@context\":\"https:\\\/\\\/schema.org\",\"@graph\":[{\"@type\":\"WebPage\",\"@id\":\"https:\\\/\\\/www.gocaravancanarias.com\\\/pt-pt\\\/alugar-uma-campervan-em-tenerife\\\/\",\"url\":\"https:\\\/\\\/www.gocaravancanarias.com\\\/pt-pt\\\/alugar-uma-campervan-em-tenerife\\\/\",\"name\":\"Alugar uma campervan em Tenerife - Go Caravan Canarias\",\"isPartOf\":{\"@id\":\"https:\\\/\\\/www.gocaravancanarias.com\\\/#website\"},\"primaryImageOfPage\":{\"@id\":\"https:\\\/\\\/www.gocaravancanarias.com\\\/pt-pt\\\/alugar-uma-campervan-em-tenerife\\\/#primaryimage\"},\"image\":{\"@id\":\"https:\\\/\\\/www.gocaravancanarias.com\\\/pt-pt\\\/alugar-uma-campervan-em-tenerife\\\/#primaryimage\"},\"thumbnailUrl\":\"https:\\\/\\\/www.gocaravancanarias.com\\\/wp-content\\\/uploads\\\/2024\\\/12\\\/WhatsApp-Image-2024-12-09-at-17.13.57-7-1024x766.jpeg\",\"datePublished\":\"2024-12-10T13:18:07+00:00\",\"dateModified\":\"2025-01-02T16:28:09+00:00\",\"description\":\"Alugar uma campervan em Tenerife \u2713 O melhor servi\u00e7o de aluguer de autocaravanas em Tenerife \u2713 Go Caravan Canarias\",\"breadcrumb\":{\"@id\":\"https:\\\/\\\/www.gocaravancanarias.com\\\/pt-pt\\\/alugar-uma-campervan-em-tenerife\\\/#breadcrumb\"},\"inLanguage\":\"pt-PT\",\"potentialAction\":[{\"@type\":\"ReadAction\",\"target\":[\"https:\\\/\\\/www.gocaravancanarias.com\\\/pt-pt\\\/alugar-uma-campervan-em-tenerife\\\/\"]}]},{\"@type\":\"ImageObject\",\"inLanguage\":\"pt-PT\",\"@id\":\"https:\\\/\\\/www.gocaravancanarias.com\\\/pt-pt\\\/alugar-uma-campervan-em-tenerife\\\/#primaryimage\",\"url\":\"https:\\\/\\\/www.gocaravancanarias.com\\\/wp-content\\\/uploads\\\/2024\\\/12\\\/WhatsApp-Image-2024-12-09-at-17.13.57-7-1024x766.jpeg\",\"contentUrl\":\"https:\\\/\\\/www.gocaravancanarias.com\\\/wp-content\\\/uploads\\\/2024\\\/12\\\/WhatsApp-Image-2024-12-09-at-17.13.57-7-1024x766.jpeg\"},{\"@type\":\"BreadcrumbList\",\"@id\":\"https:\\\/\\\/www.gocaravancanarias.com\\\/pt-pt\\\/alugar-uma-campervan-em-tenerife\\\/#breadcrumb\",\"itemListElement\":[{\"@type\":\"ListItem\",\"position\":1,\"name\":\"Portada\",\"item\":\"https:\\\/\\\/www.gocaravancanarias.com\\\/\"},{\"@type\":\"ListItem\",\"position\":2,\"name\":\"Alugar uma campervan em Tenerife\"}]},{\"@type\":\"WebSite\",\"@id\":\"https:\\\/\\\/www.gocaravancanarias.com\\\/#website\",\"url\":\"https:\\\/\\\/www.gocaravancanarias.com\\\/\",\"name\":\"Go Caravan Canarias\",\"description\":\"Alquiler de Autocaravanas y Campers\",\"publisher\":{\"@id\":\"https:\\\/\\\/www.gocaravancanarias.com\\\/#organization\"},\"potentialAction\":[{\"@type\":\"SearchAction\",\"target\":{\"@type\":\"EntryPoint\",\"urlTemplate\":\"https:\\\/\\\/www.gocaravancanarias.com\\\/?s={search_term_string}\"},\"query-input\":{\"@type\":\"PropertyValueSpecification\",\"valueRequired\":true,\"valueName\":\"search_term_string\"}}],\"inLanguage\":\"pt-PT\"},{\"@type\":\"Organization\",\"@id\":\"https:\\\/\\\/www.gocaravancanarias.com\\\/#organization\",\"name\":\"Kineled Pantallas publicitarias\",\"url\":\"https:\\\/\\\/www.gocaravancanarias.com\\\/\",\"logo\":{\"@type\":\"ImageObject\",\"inLanguage\":\"pt-PT\",\"@id\":\"https:\\\/\\\/www.gocaravancanarias.com\\\/#\\\/schema\\\/logo\\\/image\\\/\",\"url\":\"http:\\\/\\\/www.gocaravancanarias.com\\\/wp-content\\\/uploads\\\/2023\\\/02\\\/logo.png\",\"contentUrl\":\"http:\\\/\\\/www.gocaravancanarias.com\\\/wp-content\\\/uploads\\\/2023\\\/02\\\/logo.png\",\"width\":200,\"height\":80,\"caption\":\"Kineled Pantallas publicitarias\"},\"image\":{\"@id\":\"https:\\\/\\\/www.gocaravancanarias.com\\\/#\\\/schema\\\/logo\\\/image\\\/\"},\"sameAs\":[\"https:\\\/\\\/www.facebook.com\\\/people\\\/Kineled\\\/100067500994492\\\/\",\"https:\\\/\\\/x.com\\\/Kineled\",\"https:\\\/\\\/es.linkedin.com\\\/in\\\/kineled-displays-809b4267\"]}]}<\/script>\n<!-- \/ Yoast SEO plugin. -->","yoast_head_json":{"title":"Alugar uma campervan em Tenerife - Go Caravan Canarias","description":"Alugar uma campervan em Tenerife \u2713 O melhor servi\u00e7o de aluguer de autocaravanas em Tenerife \u2713 Go Caravan Canarias","robots":{"index":"index","follow":"follow","max-snippet":"max-snippet:-1","max-image-preview":"max-image-preview:large","max-video-preview":"max-video-preview:-1"},"canonical":"https:\/\/www.gocaravancanarias.com\/pt-pt\/alugar-uma-campervan-em-tenerife\/","og_locale":"pt_PT","og_type":"article","og_title":"Alugar uma campervan em Tenerife - Go Caravan Canarias","og_description":"Alugar uma campervan em Tenerife \u2713 O melhor servi\u00e7o de aluguer de autocaravanas em Tenerife \u2713 Go Caravan Canarias","og_url":"https:\/\/www.gocaravancanarias.com\/pt-pt\/alugar-uma-campervan-em-tenerife\/","og_site_name":"Go Caravan Canarias","article_publisher":"https:\/\/www.facebook.com\/people\/Kineled\/100067500994492\/","article_modified_time":"2025-01-02T16:28:09+00:00","og_image":[{"url":"https:\/\/www.gocaravancanarias.com\/wp-content\/uploads\/2024\/12\/WhatsApp-Image-2024-12-09-at-17.13.57-7-1024x766.jpeg","type":"","width":"","height":""}],"twitter_card":"summary_large_image","twitter_site":"@Kineled","schema":{"@context":"https:\/\/schema.org","@graph":[{"@type":"WebPage","@id":"https:\/\/www.gocaravancanarias.com\/pt-pt\/alugar-uma-campervan-em-tenerife\/","url":"https:\/\/www.gocaravancanarias.com\/pt-pt\/alugar-uma-campervan-em-tenerife\/","name":"Alugar uma campervan em Tenerife - Go Caravan Canarias","isPartOf":{"@id":"https:\/\/www.gocaravancanarias.com\/#website"},"primaryImageOfPage":{"@id":"https:\/\/www.gocaravancanarias.com\/pt-pt\/alugar-uma-campervan-em-tenerife\/#primaryimage"},"image":{"@id":"https:\/\/www.gocaravancanarias.com\/pt-pt\/alugar-uma-campervan-em-tenerife\/#primaryimage"},"thumbnailUrl":"https:\/\/www.gocaravancanarias.com\/wp-content\/uploads\/2024\/12\/WhatsApp-Image-2024-12-09-at-17.13.57-7-1024x766.jpeg","datePublished":"2024-12-10T13:18:07+00:00","dateModified":"2025-01-02T16:28:09+00:00","description":"Alugar uma campervan em Tenerife \u2713 O melhor servi\u00e7o de aluguer de autocaravanas em Tenerife \u2713 Go Caravan Canarias","breadcrumb":{"@id":"https:\/\/www.gocaravancanarias.com\/pt-pt\/alugar-uma-campervan-em-tenerife\/#breadcrumb"},"inLanguage":"pt-PT","potentialAction":[{"@type":"ReadAction","target":["https:\/\/www.gocaravancanarias.com\/pt-pt\/alugar-uma-campervan-em-tenerife\/"]}]},{"@type":"ImageObject","inLanguage":"pt-PT","@id":"https:\/\/www.gocaravancanarias.com\/pt-pt\/alugar-uma-campervan-em-tenerife\/#primaryimage","url":"https:\/\/www.gocaravancanarias.com\/wp-content\/uploads\/2024\/12\/WhatsApp-Image-2024-12-09-at-17.13.57-7-1024x766.jpeg","contentUrl":"https:\/\/www.gocaravancanarias.com\/wp-content\/uploads\/2024\/12\/WhatsApp-Image-2024-12-09-at-17.13.57-7-1024x766.jpeg"},{"@type":"BreadcrumbList","@id":"https:\/\/www.gocaravancanarias.com\/pt-pt\/alugar-uma-campervan-em-tenerife\/#breadcrumb","itemListElement":[{"@type":"ListItem","position":1,"name":"Portada","item":"https:\/\/www.gocaravancanarias.com\/"},{"@type":"ListItem","position":2,"name":"Alugar uma campervan em Tenerife"}]},{"@type":"WebSite","@id":"https:\/\/www.gocaravancanarias.com\/#website","url":"https:\/\/www.gocaravancanarias.com\/","name":"Go Caravan Canarias","description":"Alquiler de Autocaravanas y Campers","publisher":{"@id":"https:\/\/www.gocaravancanarias.com\/#organization"},"potentialAction":[{"@type":"SearchAction","target":{"@type":"EntryPoint","urlTemplate":"https:\/\/www.gocaravancanarias.com\/?s={search_term_string}"},"query-input":{"@type":"PropertyValueSpecification","valueRequired":true,"valueName":"search_term_string"}}],"inLanguage":"pt-PT"},{"@type":"Organization","@id":"https:\/\/www.gocaravancanarias.com\/#organization","name":"Kineled Pantallas publicitarias","url":"https:\/\/www.gocaravancanarias.com\/","logo":{"@type":"ImageObject","inLanguage":"pt-PT","@id":"https:\/\/www.gocaravancanarias.com\/#\/schema\/logo\/image\/","url":"http:\/\/www.gocaravancanarias.com\/wp-content\/uploads\/2023\/02\/logo.png","contentUrl":"http:\/\/www.gocaravancanarias.com\/wp-content\/uploads\/2023\/02\/logo.png","width":200,"height":80,"caption":"Kineled Pantallas publicitarias"},"image":{"@id":"https:\/\/www.gocaravancanarias.com\/#\/schema\/logo\/image\/"},"sameAs":["https:\/\/www.facebook.com\/people\/Kineled\/100067500994492\/","https:\/\/x.com\/Kineled","https:\/\/es.linkedin.com\/in\/kineled-displays-809b4267"]}]}},"_links":{"self":[{"href":"https:\/\/www.gocaravancanarias.com\/pt-pt\/wp-json\/wp\/v2\/pages\/15017","targetHints":{"allow":["GET"]}}],"collection":[{"href":"https:\/\/www.gocaravancanarias.com\/pt-pt\/wp-json\/wp\/v2\/pages"}],"about":[{"href":"https:\/\/www.gocaravancanarias.com\/pt-pt\/wp-json\/wp\/v2\/types\/page"}],"author":[{"embeddable":true,"href":"https:\/\/www.gocaravancanarias.com\/pt-pt\/wp-json\/wp\/v2\/users\/7"}],"replies":[{"embeddable":true,"href":"https:\/\/www.gocaravancanarias.com\/pt-pt\/wp-json\/wp\/v2\/comments?post=15017"}],"version-history":[{"count":0,"href":"https:\/\/www.gocaravancanarias.com\/pt-pt\/wp-json\/wp\/v2\/pages\/15017\/revisions"}],"wp:attachment":[{"href":"https:\/\/www.gocaravancanarias.com\/pt-pt\/wp-json\/wp\/v2\/media?parent=15017"}],"curies":[{"name":"wp","href":"https:\/\/api.w.org\/{rel}","templated":true}]}}