{"id":15033,"date":"2024-12-10T14:29:53","date_gmt":"2024-12-10T13:29:53","guid":{"rendered":"https:\/\/www.gocaravancanarias.com\/?page_id=15033"},"modified":"2025-01-02T17:28:25","modified_gmt":"2025-01-02T16:28:25","slug":"alugar-autocaravanas-em-tenerife","status":"publish","type":"page","link":"https:\/\/www.gocaravancanarias.com\/pt-pt\/alugar-autocaravanas-em-tenerife\/","title":{"rendered":"Alugar autocaravanas em Tenerife"},"content":{"rendered":"<p><span style=\"font-weight: 400;\">Viajar \u00e9 uma experi\u00eancia \u00fanica. E se a pudermos fazer ao nosso ritmo, com a liberdade de mudar de rota quando quisermos e de uma forma mais econ\u00f3mica, melhor ainda. Na <\/span><a href=\"https:\/\/www.gocaravancanarias.com\/en\/\"><b>Go Caravan Canarias<\/b><\/a><span style=\"font-weight: 400;\"> adoramos viajar. Gostamos de sair e explorar novos destinos e trabalhamos arduamente para lhe oferecer o melhor aluguer de autocaravanas em Tenerife. Gra\u00e7as \u00e0 nossa perseveran\u00e7a e \u00e0 nossa longa experi\u00eancia no sector do Caravanismo, trabalhamos com algumas das melhores marcas do mercado, como Giottiline. Esta \u00e9 uma das marcas estrela do sector.<\/span><\/p>\n<p><span style=\"font-weight: 400;\">Se est\u00e1 a pensar viajar para Tenerife e quer descobrir todos os lugares incr\u00edveis deste destino de uma forma diferente, Go Caravan Canarias \u00e9 a sua melhor op\u00e7\u00e3o. Oferecemos-lhe os melhores servi\u00e7os e uma aten\u00e7\u00e3o exclusiva para que possa alugar a autocaravana que melhor se adapte ao seu estilo de viagem. Temos modelos grandes, com capacidade para at\u00e9 4 pessoas, e modelos mais compactos perfeitos para casais e viagens a solo.<\/span><\/p>\n<p><span style=\"font-weight: 400;\">Bem-vindo \u00e0 viagem dos seus sonhos! Entre em contacto connosco (<\/span><a href=\"tel:+34 643 774 138\"><span style=\"font-weight: 400;\">+34 643 774 138<\/span><\/a><span style=\"font-weight: 400;\"> ou <\/span><a href=\"mailto:gestion@gocaravancanarias.com\"><span style=\"font-weight: 400;\">gestion@gocaravancanarias.com<\/span><\/a><span style=\"font-weight: 400;\">) e veja todas as op\u00e7\u00f5es que temos para lhe oferecer. Basta aceder ao nosso s\u00edtio Web, escolher as datas da sua viagem, consultar a disponibilidade das nossas autocaravanas e reservar. Com apenas alguns cliques, est\u00e1 tudo pronto.<\/span><\/p>\n<p>&nbsp;<\/p>\n<p><img loading=\"lazy\" decoding=\"async\" class=\"alignnone wp-image-15034 \" src=\"https:\/\/www.gocaravancanarias.com\/wp-content\/uploads\/2024\/12\/WhatsApp-Image-2024-12-09-at-17.13.49-8-1024x771.jpeg\" alt=\"Alugar autocaravanas em Tenerife Go Caravan Canarias\" width=\"570\" height=\"429\" \/><\/p>\n<p>&nbsp;<\/p>\n<h2><span style=\"font-weight: 400;\">\u00a0Descubra o nosso servi\u00e7o de aluguer de autocaravanas em Tenerife<\/span><\/h2>\n<p>&nbsp;<\/p>\n<h3><span style=\"font-weight: 400;\">\u00a0Alugue casas m\u00f3veis em Tenerife das melhores marcas<\/span><\/h3>\n<p>&nbsp;<\/p>\n<p><span style=\"font-weight: 400;\">Uma das raz\u00f5es pelas quais Go Caravan Canarias \u00e9 uma das principais empresas de aluguer de casas m\u00f3veis em Tenerife \u00e9 porque trabalhamos com algumas das melhores marcas no mercado de caravanismo. O nosso fabricante estrela \u00e9 Giottiline. Esta marca caracteriza-se por fabricar autocaravanas de grande qualidade equipadas com a melhor tecnologia do sector e um avan\u00e7ado software de seguran\u00e7a rodovi\u00e1ria.<\/span><\/p>\n<h3><\/h3>\n<h3><span style=\"font-weight: 400;\">\u00a0O melhor cat\u00e1logo de autocaravanas para alugar em Tenerife<\/span><\/h3>\n<p><span style=\"font-weight: 400;\">Ainda n\u00e3o conhece o cat\u00e1logo de autocaravanas de aluguer que Go Caravan Canarias lhe oferece? Contamos com modelos de \u00faltima gera\u00e7\u00e3o em perfeitas condi\u00e7\u00f5es de uso que s\u00e3o revisados periodicamente por uma equipa t\u00e9cnica especializada. Al\u00e9m de poder aceder a uma grande variedade de desenhos, poder\u00e1 desfrutar do m\u00e1ximo conforto e de todo o espa\u00e7o que necessita para viajar comodamente com os seus entes queridos. As nossas autocaravanas est\u00e3o equipadas com camas, sala de estar, cozinha, casa de banho e duche.<\/span><\/p>\n<p>&nbsp;<\/p>\n<h2><span style=\"font-weight: 400;\">Alugar uma autocaravana no aeroporto de Tenerife<\/span><\/h2>\n<p><span style=\"font-weight: 400;\">J\u00e1 imaginou aterrar em Tenerife e ter a sua autocaravana \u00e0 sua espera? Isto \u00e9 poss\u00edvel gra\u00e7as ao nosso servi\u00e7o especial de entrega de autocaravanas no aeroporto. Se n\u00e3o quer perder um minuto e quer come\u00e7ar a sua aventura imediatamente, pode contratar este servi\u00e7o, a sua autocaravana estar\u00e1 \u00e0 sua espera na sa\u00edda!<\/span><\/p>\n<p>&nbsp;<\/p>\n<h2><span style=\"font-weight: 400;\">Agora pode alugar autocaravanas em Tenerife ao melhor pre\u00e7o com Go Caravan Canarias<\/span><\/h2>\n<p><span style=\"font-weight: 400;\">Com Go Caravan Canarias pode alugar uma autocaravana em Tenerife ao melhor pre\u00e7o. As nossas tarifas s\u00e3o flex\u00edveis e adaptam-se ao seu or\u00e7amento. No caso de ter de cancelar a sua viagem, se o fizer 30 dias antes da data de levantamento da sua autocaravana, reembolsamos-lhe 100% do pre\u00e7o. Contacte-nos, estamos \u00e0 sua espera!<\/span><\/p>\n<p><iframe src=\"https:\/\/www.google.com\/maps\/embed?pb=!1m18!1m12!1m3!1d449686.4997500615!2d-16.85231446389737!3d28.292998898286008!2m3!1f0!2f0!3f0!3m2!1i1024!2i768!4f13.1!3m3!1m2!1s0xc4029effe8682ed%3A0xb01a4bf1c84baf3c!2sTenerife!5e0!3m2!1ses!2ses!4v1735821468541!5m2!1ses!2ses\" width=\u201c100%\u201d height=\"450\" style=\"border:0;\" allowfullscreen=\"\" loading=\"lazy\" referrerpolicy=\"no-referrer-when-downgrade\"><\/iframe><\/p>\n","protected":false},"excerpt":{"rendered":"<p>Viajar \u00e9 uma experi\u00eancia \u00fanica. E se a pudermos fazer ao nosso ritmo, com a liberdade de mudar de rota quando quisermos e de uma forma mais econ\u00f3mica, melhor ainda. Na Go Caravan Canarias adoramos viajar. Gostamos de sair e explorar novos destinos e trabalhamos arduamente para lhe oferecer o melhor aluguer de autocaravanas em [&hellip;]<\/p>\n","protected":false},"author":9,"featured_media":0,"parent":0,"menu_order":0,"comment_status":"closed","ping_status":"closed","template":"","meta":{"_et_pb_use_builder":"","_et_pb_old_content":"","_et_gb_content_width":"","_joinchat":[],"footnotes":""},"class_list":["post-15033","page","type-page","status-publish","hentry"],"yoast_head":"<!-- This site is optimized with the Yoast SEO plugin v27.5 - https:\/\/yoast.com\/product\/yoast-seo-wordpress\/ -->\n<title>Alugar autocaravanas em Tenerife - Go Caravan Canarias<\/title>\n<meta name=\"description\" content=\"Alugar autocaravanas em Tenerife \u2713 O melhor servi\u00e7o de aluguer de autocaravanas em Tenerife \u2713 Go Caravan Canarias\" \/>\n<meta name=\"robots\" content=\"index, follow, max-snippet:-1, max-image-preview:large, max-video-preview:-1\" \/>\n<link rel=\"canonical\" href=\"https:\/\/www.gocaravancanarias.com\/pt-pt\/alugar-autocaravanas-em-tenerife\/\" \/>\n<meta property=\"og:locale\" content=\"pt_PT\" \/>\n<meta property=\"og:type\" content=\"article\" \/>\n<meta property=\"og:title\" content=\"Alugar autocaravanas em Tenerife - Go Caravan Canarias\" \/>\n<meta property=\"og:description\" content=\"Alugar autocaravanas em Tenerife \u2713 O melhor servi\u00e7o de aluguer de autocaravanas em Tenerife \u2713 Go Caravan Canarias\" \/>\n<meta property=\"og:url\" content=\"https:\/\/www.gocaravancanarias.com\/pt-pt\/alugar-autocaravanas-em-tenerife\/\" \/>\n<meta property=\"og:site_name\" content=\"Go Caravan Canarias\" \/>\n<meta property=\"article:publisher\" content=\"https:\/\/www.facebook.com\/people\/Kineled\/100067500994492\/\" \/>\n<meta property=\"article:modified_time\" content=\"2025-01-02T16:28:25+00:00\" \/>\n<meta property=\"og:image\" content=\"https:\/\/www.gocaravancanarias.com\/wp-content\/uploads\/2024\/12\/WhatsApp-Image-2024-12-09-at-17.13.49-8-1024x771.jpeg\" \/>\n<meta name=\"twitter:card\" content=\"summary_large_image\" \/>\n<meta name=\"twitter:site\" content=\"@Kineled\" \/>\n<script type=\"application\/ld+json\" class=\"yoast-schema-graph\">{\"@context\":\"https:\\\/\\\/schema.org\",\"@graph\":[{\"@type\":\"WebPage\",\"@id\":\"https:\\\/\\\/www.gocaravancanarias.com\\\/pt-pt\\\/alugar-autocaravanas-em-tenerife\\\/\",\"url\":\"https:\\\/\\\/www.gocaravancanarias.com\\\/pt-pt\\\/alugar-autocaravanas-em-tenerife\\\/\",\"name\":\"Alugar autocaravanas em Tenerife - Go Caravan Canarias\",\"isPartOf\":{\"@id\":\"https:\\\/\\\/www.gocaravancanarias.com\\\/#website\"},\"primaryImageOfPage\":{\"@id\":\"https:\\\/\\\/www.gocaravancanarias.com\\\/pt-pt\\\/alugar-autocaravanas-em-tenerife\\\/#primaryimage\"},\"image\":{\"@id\":\"https:\\\/\\\/www.gocaravancanarias.com\\\/pt-pt\\\/alugar-autocaravanas-em-tenerife\\\/#primaryimage\"},\"thumbnailUrl\":\"https:\\\/\\\/www.gocaravancanarias.com\\\/wp-content\\\/uploads\\\/2024\\\/12\\\/WhatsApp-Image-2024-12-09-at-17.13.49-8-1024x771.jpeg\",\"datePublished\":\"2024-12-10T13:29:53+00:00\",\"dateModified\":\"2025-01-02T16:28:25+00:00\",\"description\":\"Alugar autocaravanas em Tenerife \u2713 O melhor servi\u00e7o de aluguer de autocaravanas em Tenerife \u2713 Go Caravan Canarias\",\"breadcrumb\":{\"@id\":\"https:\\\/\\\/www.gocaravancanarias.com\\\/pt-pt\\\/alugar-autocaravanas-em-tenerife\\\/#breadcrumb\"},\"inLanguage\":\"pt-PT\",\"potentialAction\":[{\"@type\":\"ReadAction\",\"target\":[\"https:\\\/\\\/www.gocaravancanarias.com\\\/pt-pt\\\/alugar-autocaravanas-em-tenerife\\\/\"]}]},{\"@type\":\"ImageObject\",\"inLanguage\":\"pt-PT\",\"@id\":\"https:\\\/\\\/www.gocaravancanarias.com\\\/pt-pt\\\/alugar-autocaravanas-em-tenerife\\\/#primaryimage\",\"url\":\"https:\\\/\\\/www.gocaravancanarias.com\\\/wp-content\\\/uploads\\\/2024\\\/12\\\/WhatsApp-Image-2024-12-09-at-17.13.49-8-1024x771.jpeg\",\"contentUrl\":\"https:\\\/\\\/www.gocaravancanarias.com\\\/wp-content\\\/uploads\\\/2024\\\/12\\\/WhatsApp-Image-2024-12-09-at-17.13.49-8-1024x771.jpeg\"},{\"@type\":\"BreadcrumbList\",\"@id\":\"https:\\\/\\\/www.gocaravancanarias.com\\\/pt-pt\\\/alugar-autocaravanas-em-tenerife\\\/#breadcrumb\",\"itemListElement\":[{\"@type\":\"ListItem\",\"position\":1,\"name\":\"Portada\",\"item\":\"https:\\\/\\\/www.gocaravancanarias.com\\\/\"},{\"@type\":\"ListItem\",\"position\":2,\"name\":\"Alugar autocaravanas em Tenerife\"}]},{\"@type\":\"WebSite\",\"@id\":\"https:\\\/\\\/www.gocaravancanarias.com\\\/#website\",\"url\":\"https:\\\/\\\/www.gocaravancanarias.com\\\/\",\"name\":\"Go Caravan Canarias\",\"description\":\"Alquiler de Autocaravanas y Campers\",\"publisher\":{\"@id\":\"https:\\\/\\\/www.gocaravancanarias.com\\\/#organization\"},\"potentialAction\":[{\"@type\":\"SearchAction\",\"target\":{\"@type\":\"EntryPoint\",\"urlTemplate\":\"https:\\\/\\\/www.gocaravancanarias.com\\\/?s={search_term_string}\"},\"query-input\":{\"@type\":\"PropertyValueSpecification\",\"valueRequired\":true,\"valueName\":\"search_term_string\"}}],\"inLanguage\":\"pt-PT\"},{\"@type\":\"Organization\",\"@id\":\"https:\\\/\\\/www.gocaravancanarias.com\\\/#organization\",\"name\":\"Kineled Pantallas publicitarias\",\"url\":\"https:\\\/\\\/www.gocaravancanarias.com\\\/\",\"logo\":{\"@type\":\"ImageObject\",\"inLanguage\":\"pt-PT\",\"@id\":\"https:\\\/\\\/www.gocaravancanarias.com\\\/#\\\/schema\\\/logo\\\/image\\\/\",\"url\":\"http:\\\/\\\/www.gocaravancanarias.com\\\/wp-content\\\/uploads\\\/2023\\\/02\\\/logo.png\",\"contentUrl\":\"http:\\\/\\\/www.gocaravancanarias.com\\\/wp-content\\\/uploads\\\/2023\\\/02\\\/logo.png\",\"width\":200,\"height\":80,\"caption\":\"Kineled Pantallas publicitarias\"},\"image\":{\"@id\":\"https:\\\/\\\/www.gocaravancanarias.com\\\/#\\\/schema\\\/logo\\\/image\\\/\"},\"sameAs\":[\"https:\\\/\\\/www.facebook.com\\\/people\\\/Kineled\\\/100067500994492\\\/\",\"https:\\\/\\\/x.com\\\/Kineled\",\"https:\\\/\\\/es.linkedin.com\\\/in\\\/kineled-displays-809b4267\"]}]}<\/script>\n<!-- \/ Yoast SEO plugin. -->","yoast_head_json":{"title":"Alugar autocaravanas em Tenerife - Go Caravan Canarias","description":"Alugar autocaravanas em Tenerife \u2713 O melhor servi\u00e7o de aluguer de autocaravanas em Tenerife \u2713 Go Caravan Canarias","robots":{"index":"index","follow":"follow","max-snippet":"max-snippet:-1","max-image-preview":"max-image-preview:large","max-video-preview":"max-video-preview:-1"},"canonical":"https:\/\/www.gocaravancanarias.com\/pt-pt\/alugar-autocaravanas-em-tenerife\/","og_locale":"pt_PT","og_type":"article","og_title":"Alugar autocaravanas em Tenerife - Go Caravan Canarias","og_description":"Alugar autocaravanas em Tenerife \u2713 O melhor servi\u00e7o de aluguer de autocaravanas em Tenerife \u2713 Go Caravan Canarias","og_url":"https:\/\/www.gocaravancanarias.com\/pt-pt\/alugar-autocaravanas-em-tenerife\/","og_site_name":"Go Caravan Canarias","article_publisher":"https:\/\/www.facebook.com\/people\/Kineled\/100067500994492\/","article_modified_time":"2025-01-02T16:28:25+00:00","og_image":[{"url":"https:\/\/www.gocaravancanarias.com\/wp-content\/uploads\/2024\/12\/WhatsApp-Image-2024-12-09-at-17.13.49-8-1024x771.jpeg","type":"","width":"","height":""}],"twitter_card":"summary_large_image","twitter_site":"@Kineled","schema":{"@context":"https:\/\/schema.org","@graph":[{"@type":"WebPage","@id":"https:\/\/www.gocaravancanarias.com\/pt-pt\/alugar-autocaravanas-em-tenerife\/","url":"https:\/\/www.gocaravancanarias.com\/pt-pt\/alugar-autocaravanas-em-tenerife\/","name":"Alugar autocaravanas em Tenerife - Go Caravan Canarias","isPartOf":{"@id":"https:\/\/www.gocaravancanarias.com\/#website"},"primaryImageOfPage":{"@id":"https:\/\/www.gocaravancanarias.com\/pt-pt\/alugar-autocaravanas-em-tenerife\/#primaryimage"},"image":{"@id":"https:\/\/www.gocaravancanarias.com\/pt-pt\/alugar-autocaravanas-em-tenerife\/#primaryimage"},"thumbnailUrl":"https:\/\/www.gocaravancanarias.com\/wp-content\/uploads\/2024\/12\/WhatsApp-Image-2024-12-09-at-17.13.49-8-1024x771.jpeg","datePublished":"2024-12-10T13:29:53+00:00","dateModified":"2025-01-02T16:28:25+00:00","description":"Alugar autocaravanas em Tenerife \u2713 O melhor servi\u00e7o de aluguer de autocaravanas em Tenerife \u2713 Go Caravan Canarias","breadcrumb":{"@id":"https:\/\/www.gocaravancanarias.com\/pt-pt\/alugar-autocaravanas-em-tenerife\/#breadcrumb"},"inLanguage":"pt-PT","potentialAction":[{"@type":"ReadAction","target":["https:\/\/www.gocaravancanarias.com\/pt-pt\/alugar-autocaravanas-em-tenerife\/"]}]},{"@type":"ImageObject","inLanguage":"pt-PT","@id":"https:\/\/www.gocaravancanarias.com\/pt-pt\/alugar-autocaravanas-em-tenerife\/#primaryimage","url":"https:\/\/www.gocaravancanarias.com\/wp-content\/uploads\/2024\/12\/WhatsApp-Image-2024-12-09-at-17.13.49-8-1024x771.jpeg","contentUrl":"https:\/\/www.gocaravancanarias.com\/wp-content\/uploads\/2024\/12\/WhatsApp-Image-2024-12-09-at-17.13.49-8-1024x771.jpeg"},{"@type":"BreadcrumbList","@id":"https:\/\/www.gocaravancanarias.com\/pt-pt\/alugar-autocaravanas-em-tenerife\/#breadcrumb","itemListElement":[{"@type":"ListItem","position":1,"name":"Portada","item":"https:\/\/www.gocaravancanarias.com\/"},{"@type":"ListItem","position":2,"name":"Alugar autocaravanas em Tenerife"}]},{"@type":"WebSite","@id":"https:\/\/www.gocaravancanarias.com\/#website","url":"https:\/\/www.gocaravancanarias.com\/","name":"Go Caravan Canarias","description":"Alquiler de Autocaravanas y Campers","publisher":{"@id":"https:\/\/www.gocaravancanarias.com\/#organization"},"potentialAction":[{"@type":"SearchAction","target":{"@type":"EntryPoint","urlTemplate":"https:\/\/www.gocaravancanarias.com\/?s={search_term_string}"},"query-input":{"@type":"PropertyValueSpecification","valueRequired":true,"valueName":"search_term_string"}}],"inLanguage":"pt-PT"},{"@type":"Organization","@id":"https:\/\/www.gocaravancanarias.com\/#organization","name":"Kineled Pantallas publicitarias","url":"https:\/\/www.gocaravancanarias.com\/","logo":{"@type":"ImageObject","inLanguage":"pt-PT","@id":"https:\/\/www.gocaravancanarias.com\/#\/schema\/logo\/image\/","url":"http:\/\/www.gocaravancanarias.com\/wp-content\/uploads\/2023\/02\/logo.png","contentUrl":"http:\/\/www.gocaravancanarias.com\/wp-content\/uploads\/2023\/02\/logo.png","width":200,"height":80,"caption":"Kineled Pantallas publicitarias"},"image":{"@id":"https:\/\/www.gocaravancanarias.com\/#\/schema\/logo\/image\/"},"sameAs":["https:\/\/www.facebook.com\/people\/Kineled\/100067500994492\/","https:\/\/x.com\/Kineled","https:\/\/es.linkedin.com\/in\/kineled-displays-809b4267"]}]}},"_links":{"self":[{"href":"https:\/\/www.gocaravancanarias.com\/pt-pt\/wp-json\/wp\/v2\/pages\/15033","targetHints":{"allow":["GET"]}}],"collection":[{"href":"https:\/\/www.gocaravancanarias.com\/pt-pt\/wp-json\/wp\/v2\/pages"}],"about":[{"href":"https:\/\/www.gocaravancanarias.com\/pt-pt\/wp-json\/wp\/v2\/types\/page"}],"author":[{"embeddable":true,"href":"https:\/\/www.gocaravancanarias.com\/pt-pt\/wp-json\/wp\/v2\/users\/9"}],"replies":[{"embeddable":true,"href":"https:\/\/www.gocaravancanarias.com\/pt-pt\/wp-json\/wp\/v2\/comments?post=15033"}],"version-history":[{"count":0,"href":"https:\/\/www.gocaravancanarias.com\/pt-pt\/wp-json\/wp\/v2\/pages\/15033\/revisions"}],"wp:attachment":[{"href":"https:\/\/www.gocaravancanarias.com\/pt-pt\/wp-json\/wp\/v2\/media?parent=15033"}],"curies":[{"name":"wp","href":"https:\/\/api.w.org\/{rel}","templated":true}]}}